{"id":1154,"date":"2022-11-04T00:29:34","date_gmt":"2022-11-04T00:29:34","guid":{"rendered":"https:\/\/effedore.com\/?page_id=1154"},"modified":"2022-11-04T00:31:40","modified_gmt":"2022-11-04T00:31:40","slug":"self-efficancy-time-management","status":"publish","type":"page","link":"https:\/\/effedore.com\/?page_id=1154","title":{"rendered":"Self efficancy &#038; Time management"},"content":{"rendered":"<p>&nbsp;<\/p>\n<p>&nbsp;<\/p>\n<p><a href=\"https:\/\/effedore.com\/wp-content\/uploads\/2022\/10\/Self-efficacy.pdf\"><img fetchpriority=\"high\" decoding=\"async\" class=\"aligncenter wp-image-1139 size-medium\" src=\"https:\/\/effedore.com\/wp-content\/uploads\/2022\/10\/self-efficancy-little-300x212.png\" alt=\"\" width=\"300\" height=\"212\" srcset=\"https:\/\/effedore.com\/wp-content\/uploads\/2022\/10\/self-efficancy-little-300x212.png 300w, https:\/\/effedore.com\/wp-content\/uploads\/2022\/10\/self-efficancy-little.png 635w\" sizes=\"(max-width: 300px) 100vw, 300px\" \/><\/a><\/p>\n<p><span style=\"color: #008000;\"><strong>ITA<\/strong><\/span><\/p>\n<p><span style=\"color: #800000;\">Programma di studio costituito da <strong>25 ore.<\/strong><\/span><\/p>\n<p><span style=\"color: #800000;\">valutazione esame con <strong>voto finale 100\/100<\/strong><\/span><\/p>\n<p>&nbsp;<\/p>\n<p><strong>Programma del Corso<\/strong><\/p>\n<p><strong>Modulo 1<\/strong> \u2013 Efficacia ed efficienza personale<br \/>\n1. Efficacia ed efficienza personale e nella gestione del tempo<br \/>\n2. Importanza e urgenza<\/p>\n<p><strong>Modulo 2<\/strong> \u2013 Gestire per importanza<br \/>\n3. La matrice di Eisenhower<br \/>\n4. La matrice di Eisenhower: dalla teoria alla pratica<\/p>\n<p><strong>Modulo 3<\/strong> \u2013 Cosa ci sottrae tempo<br \/>\n5. I ladri di tempo: tipologia e definizione<br \/>\n6. Poca programmazione e riunioni inutili<br \/>\n7. Disordine e incapacit\u00e0 di dire di no<br \/>\n8. Previsioni irrealistiche, lavori incompiuti, ansia<br \/>\n9. Trasferte inutili e ladri di tempo esterni, parte 1<br \/>\n10. Ladri di tempo esterni, parte 2<br \/>\n11. Ladri di tempo esterni, parte 3<br \/>\n12. Le 7 regole della gestione del tempo<\/p>\n<hr \/>\n<p><strong><span style=\"color: #ff6600;\">DEU<\/span><\/strong><\/p>\n<p><strong>Selbstwirksamkeit und Zeitmanagement<\/strong><\/p>\n<p><span style=\"color: #800000;\">Studienprogramm bestehend aus <strong>25 Stunden<\/strong>.<\/span><\/p>\n<p><span style=\"color: #800000;\">Pr\u00fcfungsauswertung mit der<strong> Gesamtnote 100\/100<\/strong><\/span><\/p>\n<p>&nbsp;<\/p>\n<p><strong>Kursprogramm<\/strong><\/p>\n<p><strong>Modul 1<\/strong> &#8211; Pers\u00f6nliche Effektivit\u00e4t und Effizienz<\/p>\n<p>1. Pers\u00f6nliche Effektivit\u00e4t und Effizienz und im Zeitmanagement<br \/>\n2. Wichtigkeit und Dringlichkeit<\/p>\n<p><strong>Modul 2<\/strong> \u2013 Verwalten nach Wichtigkeit<br \/>\n3. Die Eisenhower-Matrix<br \/>\n4. Die Eisenhower-Matrix: von der Theorie zur Praxis<\/p>\n<p><strong>Modul 3<\/strong> &#8211; Was unsere Zeit in Anspruch nimmt<br \/>\n5. Zeitdiebe: Typologie und Definition<br \/>\n6. Wenig Planung und unn\u00f6tige Meetings<br \/>\n7. Unordnung und die Unf\u00e4higkeit, nein zu sagen<br \/>\n8. Unrealistische Prognosen, unerledigte Gesch\u00e4fte, Angst<br \/>\n9. Unn\u00f6tige Reisen und externe Zeitdiebe, Teil 1<br \/>\n10. Au\u00dferhalb der Zeit Diebe, Teil 2<br \/>\n11. Au\u00dferhalb der Zeit Diebe, Teil 3<br \/>\n12. Die 7 Regeln des Zeitmanagements<\/p>\n<hr \/>\n<p><strong><span style=\"color: #ff0000;\">ENG<\/span><\/strong><\/p>\n<p><strong>Self-efficacy and Time Management<\/strong><\/p>\n<p><span style=\"color: #800000;\">Study program consisting of <strong>25 hours<\/strong>.<\/span><\/p>\n<p><span style=\"color: #800000;\">exam evaluation with <strong>final grade 100\/100<\/strong><\/span><\/p>\n<p>&nbsp;<\/p>\n<p><strong>Course program<\/strong><\/p>\n<p><strong>Module 1<\/strong> &#8211; Personal effectiveness and efficiency<br \/>\n1. Personal effectiveness and efficiency and in time management<br \/>\n2. Importance and urgency<\/p>\n<p><strong>Module 2<\/strong> &#8211; Manage by importance<br \/>\n3. The Eisenhower matrix<br \/>\n4. The Eisenhower matrix: from theory to practice<\/p>\n<p><strong>Module 3<\/strong> &#8211; What takes our time<br \/>\n5. Time thieves: typology and definition<br \/>\n6. Little planning and unnecessary meetings<br \/>\n7. Disorder and the inability to say no<br \/>\n8. Unrealistic forecasts, unfinished business, anxiety<br \/>\n9. Unnecessary travel and external time thieves, part 1<br \/>\n10. Outside Time Thieves, Part 2<br \/>\n11. Outside Time Thieves, Part 3<br \/>\n12. The 7 rules of time management<\/p>\n<hr \/>\n<p><span style=\"color: #0000ff;\"><strong>FRA<\/strong><\/span><\/p>\n<p><strong>Auto-efficacit\u00e9 et gestion du temps<\/strong><\/p>\n<p><span style=\"color: #800000;\">Programme d&#8217;\u00e9tudes compos\u00e9 de <strong>25 heures<\/strong>.<\/span><\/p>\n<p><span style=\"color: #800000;\">\u00e9valuation de l&#8217;examen avec n<strong>ote finale 100\/100<\/strong><\/span><\/p>\n<p>&nbsp;<\/p>\n<p><strong>Programme de cours<\/strong><\/p>\n<p><strong>Module 1<\/strong> &#8211; Efficacit\u00e9 et efficience personnelles<br \/>\n1. Efficacit\u00e9 et efficience personnelles et gestion du temps<br \/>\n2. Importance et urgence<\/p>\n<p><strong>Module 2<\/strong> &#8211; G\u00e9rer par importance<br \/>\n3. La matrice d&#8217;Eisenhower<br \/>\n4. La matrice d&#8217;Eisenhower : de la th\u00e9orie \u00e0 la pratique<\/p>\n<p><strong>Module 3<\/strong> &#8211; Ce qui prend notre temps<br \/>\n5. Voleurs de temps : typologie et d\u00e9finition<br \/>\n6. Peu de planification et r\u00e9unions inutiles<br \/>\n7. Trouble et incapacit\u00e9 \u00e0 dire non<br \/>\n8. Pr\u00e9visions irr\u00e9alistes, affaires inachev\u00e9es, anxi\u00e9t\u00e9<br \/>\n9. Voyages inutiles et voleurs de temps externes, partie 1<br \/>\n10. Voleurs de temps \u00e0 l&#8217;ext\u00e9rieur, partie 2<br \/>\n11. Voleurs de temps \u00e0 l&#8217;ext\u00e9rieur, partie 3<br \/>\n12. Les 7 r\u00e8gles de gestion du temps<\/p>\n","protected":false},"excerpt":{"rendered":"<p>&nbsp; &nbsp; ITA Programma di studio costituito da 25 ore. valutazione esame con voto finale 100\/100 &nbsp; Programma del Corso Modulo 1 \u2013 Efficacia ed efficienza personale 1. Efficacia ed efficienza personale e nella gestione del tempo 2. Importanza e urgenza Modulo 2 \u2013 Gestire per importanza 3. La matrice di Eisenhower 4. La matrice [&hellip;]<\/p>\n","protected":false},"author":1,"featured_media":0,"parent":0,"menu_order":0,"comment_status":"closed","ping_status":"closed","template":"","meta":{"footnotes":""},"class_list":["post-1154","page","type-page","status-publish","hentry"],"_links":{"self":[{"href":"https:\/\/effedore.com\/index.php?rest_route=\/wp\/v2\/pages\/1154","targetHints":{"allow":["GET"]}}],"collection":[{"href":"https:\/\/effedore.com\/index.php?rest_route=\/wp\/v2\/pages"}],"about":[{"href":"https:\/\/effedore.com\/index.php?rest_route=\/wp\/v2\/types\/page"}],"author":[{"embeddable":true,"href":"https:\/\/effedore.com\/index.php?rest_route=\/wp\/v2\/users\/1"}],"replies":[{"embeddable":true,"href":"https:\/\/effedore.com\/index.php?rest_route=%2Fwp%2Fv2%2Fcomments&post=1154"}],"version-history":[{"count":3,"href":"https:\/\/effedore.com\/index.php?rest_route=\/wp\/v2\/pages\/1154\/revisions"}],"predecessor-version":[{"id":1157,"href":"https:\/\/effedore.com\/index.php?rest_route=\/wp\/v2\/pages\/1154\/revisions\/1157"}],"wp:attachment":[{"href":"https:\/\/effedore.com\/index.php?rest_route=%2Fwp%2Fv2%2Fmedia&parent=1154"}],"curies":[{"name":"wp","href":"https:\/\/api.w.org\/{rel}","templated":true}]}}