{"id":1255,"date":"2023-03-11T04:23:51","date_gmt":"2023-03-11T04:23:51","guid":{"rendered":"https:\/\/effedore.com\/?page_id=1255"},"modified":"2023-03-11T04:25:09","modified_gmt":"2023-03-11T04:25:09","slug":"organizzazione-aziendale-2","status":"publish","type":"page","link":"https:\/\/effedore.com\/?page_id=1255","title":{"rendered":"organizzazione aziendale"},"content":{"rendered":"<figure id=\"attachment_1257\" aria-describedby=\"caption-attachment-1257\" style=\"width: 300px\" class=\"wp-caption aligncenter\"><a href=\"https:\/\/effedore.com\/wp-content\/uploads\/2023\/03\/diploma-organizzazione-aziendale.pdf\"><img fetchpriority=\"high\" decoding=\"async\" class=\"wp-image-1257 size-medium\" src=\"https:\/\/effedore.com\/wp-content\/uploads\/2023\/03\/diploma-organizzazione-aziendale-little-300x212.png\" alt=\"\" width=\"300\" height=\"212\" srcset=\"https:\/\/effedore.com\/wp-content\/uploads\/2023\/03\/diploma-organizzazione-aziendale-little-300x212.png 300w, https:\/\/effedore.com\/wp-content\/uploads\/2023\/03\/diploma-organizzazione-aziendale-little-768x542.png 768w, https:\/\/effedore.com\/wp-content\/uploads\/2023\/03\/diploma-organizzazione-aziendale-little.png 846w\" sizes=\"(max-width: 300px) 100vw, 300px\" \/><\/a><figcaption id=\"caption-attachment-1257\" class=\"wp-caption-text\">clicca per ingrandire &#8211; click to enlarge<\/figcaption><\/figure>\n<p>&nbsp;<\/p>\n<p><span style=\"font-size: 18pt;\"><strong><span style=\"color: #008000;\">ITA<\/span><\/strong><\/span><\/p>\n<p>Programma del corso:<\/p>\n<p><strong><span style=\"color: #800000;\">Modulo 1 &#8211; Benessere, clima e cultura organizzativa<\/span><\/strong><\/p>\n<p>Introduzione: Il benessere organizzativo<br \/>\nExcursus storico e teorico<br \/>\nIl clima organizzativo:<br \/>\nLa formazione del clima organizzativo<br \/>\nAnalisi del clima aziendale<br \/>\nLa soddisfazione lavorativa<br \/>\nLa cultura organizzativa<br \/>\nLa cultura organizzativa: vision e mission<br \/>\nAnalogie e differenze tra clima e cultura<\/p>\n<p><strong><span style=\"color: #800000;\">Modulo 2 &#8211; Comportamento organizzativo, motivazione al lavoro e soddisfazione lavorativa<\/span><\/strong><\/p>\n<p>Gli atteggiamenti verso il lavoro<br \/>\nIl comportamento organizzativo e il contratto psicologico<br \/>\nLa motivazione al lavoro<br \/>\nLe teorie motivazionali:<br \/>\nLa teoria gerarchica di Maslow<br \/>\nLa teoria di Alderfer<br \/>\nLa teoria dei due fattori di Herzberg<br \/>\nLa teoria della motivazione al successo di McClelland<br \/>\nLa teoria dell\u2019equit\u00e0 di Adam<br \/>\nLa teoria dell\u2019aspettativa di Vroom<br \/>\nLa teoria dell\u2019attribuzione di Weiner<br \/>\nLa teoria del goal setting<\/p>\n<p><strong><span style=\"color: #800000;\">Modulo 3 &#8211; Situazioni organizzative da prevenire: mobbing, burn out, stress lavorativo, conflitto organizzativo<\/span><\/strong><\/p>\n<p>Il Mobbing<br \/>\nIl Burn out<br \/>\nStress lavorativo<br \/>\nIl conflitto organizzativo<\/p>\n<p><strong><span style=\"color: #800000;\">Modulo 4 &#8211; Il benessere lavorativo e personale, la responsabilit\u00e0 sociale e la cultura organizzativa<\/span><\/strong><\/p>\n<p>Il lavoro come valore e ricerca d\u2019identit\u00e0<br \/>\nL\u2019Empowerment organizzativo<br \/>\nWork-life balance<br \/>\nResponsabilit\u00e0 sociale<br \/>\nDisabilit\u00e0 e cultura organizzativa<br \/>\nBibliografia, sitografia e leggi di riferimento<\/p>\n<p>&nbsp;<\/p>\n<p><strong><span style=\"color: #ff6600; font-size: 18pt;\">DEU<\/span><\/strong><\/p>\n<p>&nbsp;<\/p>\n<p>Kursprogramm:<\/p>\n<p><strong><span style=\"color: #800000;\">Modul 1 &#8211; Wohlbefinden, Klima und Organisationskultur <\/span><\/strong><strong><span style=\"color: #800000;\">Einf\u00fchrung: Organisatorisches Wohlbefinden<\/span><\/strong><\/p>\n<p>Historischer und theoretischer Exkurs<br \/>\nDas Organisationsklima:<br \/>\nDie Bildung des Organisationsklimas<br \/>\nGesch\u00e4ftsklimaanalyse<br \/>\nArbeitszufriedenheit<br \/>\nDie Organisationskultur<br \/>\nDie Organisationskultur: Vision und Mission<br \/>\n\u00c4hnlichkeiten und Unterschiede zwischen Klima und Kultur<\/p>\n<p><strong><span style=\"color: #800000;\">Modul 2 &#8211; Organisationsverhalten, Arbeitsmotivation und Arbeitszufriedenheit<\/span><\/strong><\/p>\n<p>Einstellungen zur Arbeit<br \/>\nOrganisationsverhalten und der psychologische Vertrag<br \/>\nMotivation bei der Arbeit<br \/>\nMotivationstheorien:<br \/>\nMaslows Hierarchietheorie<br \/>\nAlderfers Theorie<br \/>\nZwei-Faktoren-Theorie von Herzberg<br \/>\nErfolgsmotivationstheorie nach McClelland<br \/>\nAdams Theorie der Fairness<br \/>\nVrooms Erwartungstheorie<br \/>\nWeiners Attributionstheorie<br \/>\nDie Zielsetzungstheorie<\/p>\n<p><strong><span style=\"color: #800000;\">Modul 3 &#8211; Organisatorische Situationen zur Vorbeugung: Mobbing, Burnout, Arbeitsstress, Organisationskonflikte<\/span><\/strong><\/p>\n<p>Mobbing<br \/>\nDer Burnout<br \/>\nArbeitsstress<br \/>\norganisatorischer Konflikt<\/p>\n<p><strong><span style=\"color: #800000;\">Modul 4 &#8211; Arbeit und pers\u00f6nliches Wohlbefinden, soziale Verantwortung und Organisationskultur<\/span><\/strong><\/p>\n<p>Arbeit als Wert und Identit\u00e4tssuche<br \/>\nOrganisatorische Erm\u00e4chtigung<br \/>\nWork-Life-Balance<br \/>\nSoziale Verantwortung<br \/>\nBehinderung und Organisationskultur<br \/>\nBibliographie, Sitographie und Verweisungsgesetze<\/p>\n<p>&nbsp;<\/p>\n<p><strong><span style=\"color: #ff0000; font-size: 18pt;\">ENG<\/span><\/strong><\/p>\n<p>&nbsp;<\/p>\n<p>Course program:<\/p>\n<p><strong><span style=\"color: #800000;\">Module 1 &#8211; Well-being, climate and organizational culture<\/span><\/strong><\/p>\n<p>Introduction: Organizational well-being<br \/>\nHistorical and theoretical excursus<br \/>\nThe organizational climate:<br \/>\nThe formation of the organizational climate<br \/>\nBusiness climate analysis<br \/>\nJob satisfaction<br \/>\nThe organizational culture<br \/>\nThe organizational culture: vision and mission<br \/>\nSimilarities and differences between climate and culture<\/p>\n<p><strong><span style=\"color: #800000;\">Module 2 &#8211; Organizational behaviour, work motivation and job satisfaction<\/span><\/strong><\/p>\n<p>Attitudes towards work<br \/>\nOrganizational behavior and the psychological contract<br \/>\nMotivation at work<br \/>\nMotivational Theories:<br \/>\nMaslow&#8217;s hierarchy theory<br \/>\nAlderfer&#8217;s theory<br \/>\nHerzberg&#8217;s two-factor theory<br \/>\nMcClelland&#8217;s theory of success motivation<br \/>\nAdam&#8217;s theory of fairness<br \/>\nVroom&#8217;s expectation theory<br \/>\nWeiner&#8217;s attribution theory<br \/>\nThe goal setting theory<\/p>\n<p><strong><span style=\"color: #800000;\">Module 3 &#8211; Organizational situations to prevent: mobbing, burn out, work stress, organizational conflict<\/span><\/strong><\/p>\n<p>Mobbing<br \/>\nThe burnout<br \/>\nWork stress<br \/>\norganizational conflict<\/p>\n<p><strong><span style=\"color: #800000;\">Module 4 &#8211; Work and personal well-being, social responsibility and organizational culture<\/span><\/strong><\/p>\n<p>Work as a value and a search for identity<br \/>\nOrganizational Empowerment<br \/>\nWork-life balance<br \/>\nSocial responsability<br \/>\nDisability and organizational culture<br \/>\nBibliography, sitography and reference laws<\/p>\n<p>&nbsp;<\/p>\n<p><span style=\"font-size: 18pt;\"><strong><span style=\"color: #0000ff;\">FRA<\/span><\/strong><\/span><\/p>\n<p>&nbsp;<\/p>\n<p>Programme du cours :<\/p>\n<p><strong><span style=\"color: #800000;\">Module 1 &#8211; Bien-\u00eatre, climat et culture organisationnelle<\/span><\/strong><\/p>\n<p>Introduction : Bien-\u00eatre organisationnel<br \/>\nExcursus historique et th\u00e9orique<br \/>\nLe climat organisationnel :<br \/>\nLa formation du climat organisationnel<br \/>\nAnalyse du climat des affaires<br \/>\nSatisfaction au travail<br \/>\nLa culture organisationnelle<br \/>\nLa culture organisationnelle : vision et mission<br \/>\nSimilitudes et diff\u00e9rences entre climat et culture<\/p>\n<p><strong><span style=\"color: #800000;\">Module 2 &#8211; Comportement organisationnel, motivation au travail et satisfaction au travail<\/span><\/strong><br \/>\nAttitudes envers le travail<br \/>\nComportement organisationnel et contrat psychologique<br \/>\nMotivation au travail<br \/>\nTh\u00e9ories motivationnelles\u00a0:<br \/>\nTh\u00e9orie de la hi\u00e9rarchie de Maslow<br \/>\nLa th\u00e9orie d&#8217;Alderfer<br \/>\nLa th\u00e9orie \u00e0 deux facteurs de Herzberg<br \/>\nTh\u00e9orie de la motivation au succ\u00e8s de McClelland<br \/>\nLa th\u00e9orie de l&#8217;\u00e9quit\u00e9 d&#8217;Adam<br \/>\nLa th\u00e9orie des attentes de Vroom<br \/>\nLa th\u00e9orie de l&#8217;attribution de Weiner<br \/>\nLa th\u00e9orie de l&#8217;\u00e9tablissement d&#8217;objectifs<\/p>\n<p><strong><span style=\"color: #800000;\">Module 3 &#8211; Situations organisationnelles \u00e0 pr\u00e9venir : mobbing, burn out, stress au travail, conflit organisationnel<\/span><\/strong><\/p>\n<p>Mobbing<br \/>\nLe burn-out<br \/>\nStress au travail<br \/>\nconflit organisationnel<\/p>\n<p><strong><span style=\"color: #800000;\">Module 4 &#8211; Bien-\u00eatre au travail et personnel, responsabilit\u00e9 sociale et culture organisationnelle<\/span><\/strong><\/p>\n<p>Travailler comme une valeur et une recherche d&#8217;identit\u00e9<br \/>\nAutonomisation organisationnelle<br \/>\nL&#8217;\u00e9quilibre travail-vie<br \/>\nResponsabilit\u00e9 sociale<br \/>\nHandicap et culture organisationnelle<br \/>\nBibliographie, sitographie et lois de r\u00e9f\u00e9rence<\/p>\n","protected":false},"excerpt":{"rendered":"<p>&nbsp; ITA Programma del corso: Modulo 1 &#8211; Benessere, clima e cultura organizzativa Introduzione: Il benessere organizzativo Excursus storico e teorico Il clima organizzativo: La formazione del clima organizzativo Analisi del clima aziendale La soddisfazione lavorativa La cultura organizzativa La cultura organizzativa: vision e mission Analogie e differenze tra clima e cultura Modulo 2 &#8211; [&hellip;]<\/p>\n","protected":false},"author":1,"featured_media":0,"parent":0,"menu_order":0,"comment_status":"closed","ping_status":"closed","template":"","meta":{"footnotes":""},"class_list":["post-1255","page","type-page","status-publish","hentry"],"_links":{"self":[{"href":"https:\/\/effedore.com\/index.php?rest_route=\/wp\/v2\/pages\/1255","targetHints":{"allow":["GET"]}}],"collection":[{"href":"https:\/\/effedore.com\/index.php?rest_route=\/wp\/v2\/pages"}],"about":[{"href":"https:\/\/effedore.com\/index.php?rest_route=\/wp\/v2\/types\/page"}],"author":[{"embeddable":true,"href":"https:\/\/effedore.com\/index.php?rest_route=\/wp\/v2\/users\/1"}],"replies":[{"embeddable":true,"href":"https:\/\/effedore.com\/index.php?rest_route=%2Fwp%2Fv2%2Fcomments&post=1255"}],"version-history":[{"count":5,"href":"https:\/\/effedore.com\/index.php?rest_route=\/wp\/v2\/pages\/1255\/revisions"}],"predecessor-version":[{"id":1262,"href":"https:\/\/effedore.com\/index.php?rest_route=\/wp\/v2\/pages\/1255\/revisions\/1262"}],"wp:attachment":[{"href":"https:\/\/effedore.com\/index.php?rest_route=%2Fwp%2Fv2%2Fmedia&parent=1255"}],"curies":[{"name":"wp","href":"https:\/\/api.w.org\/{rel}","templated":true}]}}