{"id":1301,"date":"2023-03-12T02:16:25","date_gmt":"2023-03-12T02:16:25","guid":{"rendered":"https:\/\/effedore.com\/?page_id=1301"},"modified":"2023-03-15T01:55:21","modified_gmt":"2023-03-15T01:55:21","slug":"selezione-del-personale-formalia-2023","status":"publish","type":"page","link":"https:\/\/effedore.com\/?page_id=1301","title":{"rendered":"colloqui di selezione  &#8211; formalia 2023"},"content":{"rendered":"<figure id=\"attachment_1305\" aria-describedby=\"caption-attachment-1305\" style=\"width: 300px\" class=\"wp-caption aligncenter\"><a href=\"https:\/\/effedore.com\/wp-content\/uploads\/2023\/03\/diploma-colloqui-di-selezione.pdf\"><img fetchpriority=\"high\" decoding=\"async\" class=\"wp-image-1305 size-medium\" src=\"https:\/\/effedore.com\/wp-content\/uploads\/2023\/03\/diploma-colloqui-di-selezione-little-300x210.png\" alt=\"\" width=\"300\" height=\"210\" srcset=\"https:\/\/effedore.com\/wp-content\/uploads\/2023\/03\/diploma-colloqui-di-selezione-little-300x210.png 300w, https:\/\/effedore.com\/wp-content\/uploads\/2023\/03\/diploma-colloqui-di-selezione-little.png 502w\" sizes=\"(max-width: 300px) 100vw, 300px\" \/><\/a><figcaption id=\"caption-attachment-1305\" class=\"wp-caption-text\">clicca per ingrandire &#8211; click to enlarge<\/figcaption><\/figure>\n<p><a href=\"https:\/\/formalia.it\/pigreco\/courses_user\/312940\" target=\"_blank\" rel=\"noopener\"><img decoding=\"async\" class=\"wp-image-1697 size-thumbnail aligncenter\" src=\"https:\/\/effedore.com\/wp-content\/uploads\/2023\/03\/00formalia-150x150.png\" alt=\"\" width=\"150\" height=\"150\" \/><\/a><\/p>\n<hr \/>\n<p><span style=\"color: #008000;\"><strong><span style=\"font-size: 18pt;\">ITA<\/span><\/strong><\/span><\/p>\n<p><span style=\"color: #3366ff;\"><strong>Programma del corso:<\/strong><\/span><\/p>\n<p>&nbsp;<\/p>\n<p><span style=\"color: #800000;\"><strong>Modulo 1<\/strong><\/span><strong> &#8211; <\/strong><span style=\"color: #800000;\"><strong>Il processo di selezione e valutazione del personale<\/strong><strong>\u00a0<\/strong><\/span><\/p>\n<ul>\n<li>Il processo di selezione e valutazione del potenziale<\/li>\n<li>Job description<\/li>\n<li>Job Profile<\/li>\n<li>Osservazione diretta<\/li>\n<li>Questionario<\/li>\n<li>Intervista semi strutturata<\/li>\n<li>Attitudini e competenze<\/li>\n<li>Pubblicazione degli annunci di ricerca di personale<\/li>\n<li>Il reclutamento<\/li>\n<li>Screening dei curricula<\/li>\n<li>La convocazione dei candidati<\/li>\n<li>Gli operatori del settore<\/li>\n<li>Le caratteristiche della figura del selezionatore<\/li>\n<li>Il ruolo delle agenzie per il lavoro<\/li>\n<li>Il progetto di ricerca<\/li>\n<li>Stesura del profilo<\/li>\n<li>Il profilo sintetico<\/li>\n<li>Esempi di profilo sintetico con scala di aggettivi<\/li>\n<li>Esempi di profilo sintetico numerico<\/li>\n<li>Sintesi di profilo sintetico<\/li>\n<li>Il profilo descrittivo in selezione<\/li>\n<\/ul>\n<p>&nbsp;<\/p>\n<p><span style=\"color: #800000;\"><strong>Modulo 2<\/strong><\/span><strong>\u00a0 &#8211; <\/strong><span style=\"color: #800000;\"><strong>La pubblicazione degli annunci e la ricerca dei candidati<\/strong><strong>\u00a0<\/strong><\/span><\/p>\n<ul>\n<li>La pubblicazione degli annunci<\/li>\n<li>La ricerca diretta<\/li>\n<li>La ricerca dei candidati tramite \u201cLinkedIn\u201d<\/li>\n<li>I curricula dei candidati e lo screening<\/li>\n<li>Lo screening dei curricula<\/li>\n<li>Contatto con i potenziali candidati e convocazione<\/li>\n<li>L\u2019intervista telefonica<\/li>\n<li>La convocazione per l\u2019effettuazione delle prove<\/li>\n<li>Il colloquio di selezione<\/li>\n<\/ul>\n<p>&nbsp;<\/p>\n<p><span style=\"color: #800000;\"><strong>Modulo 3<\/strong><\/span><strong>\u00a0 &#8211;\u00a0<\/strong><span style=\"color: #800000;\"><strong>Le tipologie di colloquio, l&#8217;intervista ai candidati, le tecniche di selezione e i test psicoattitudinali<\/strong><strong>\u00a0<\/strong><\/span><\/p>\n<ul>\n<li>Tipologie di colloquio<\/li>\n<li>Colloquio di lavoro individuale<\/li>\n<li>Il video colloquio<\/li>\n<li>Colloquio di lavoro tecnico<\/li>\n<li>Colloquio di lavoro di gruppo<\/li>\n<li>L\u2019intervista ai candidati<\/li>\n<li>La conduzione dell\u2019intervista\/colloquio<\/li>\n<li>Tecniche di selezione<\/li>\n<li>L\u2019Assessment Center<\/li>\n<li>L\u2019Assessment center nella pratica<\/li>\n<li>Tecniche di selezione del personale non convenzionali<\/li>\n<li>I test psicoattitudinali<\/li>\n<li>La scelta dei candidati<\/li>\n<li>Il feedback<\/li>\n<\/ul>\n<p>&nbsp;<\/p>\n<p><span style=\"color: #800000;\"><strong>Modulo 4<\/strong><\/span><strong>\u00a0 &#8211;\u00a0<\/strong><span style=\"color: #800000;\"><strong>Il contratto psicologico, la conclusione della ricerca e la formazione sulla sicurezza<\/strong><strong>\u00a0<\/strong><\/span><\/p>\n<ul>\n<li>Colloquio di assunzione<\/li>\n<li>Il contratto psicologico<\/li>\n<li>La conclusione della ricerca<\/li>\n<li>I valori dell\u2019azienda<\/li>\n<li>La fase di inserimento<\/li>\n<li>La formazione sulla sicurezza<\/li>\n<li>Le societ\u00e0 di ricerca e selezione del personale<\/li>\n<\/ul>\n<p><strong>\u00a0<\/strong><\/p>\n<p><span style=\"color: #800000;\"><strong>Modulo 5<\/strong><\/span><strong>\u00a0 &#8211;\u00a0<\/strong><span style=\"color: #800000;\"><strong>Curriculum Vitae e Lettera di presentazione<\/strong><strong>\u00a0<\/strong><\/span><\/p>\n<ul>\n<li>Scrivere un curriculum vitae<\/li>\n<li>Cos&#8217;\u00e8 un curriculum vitae?<\/li>\n<li>Quali informazioni inserire?<\/li>\n<li>Esempi di curriculum vitae<\/li>\n<li>Lettera di presentazione<\/li>\n<li>Esempio<\/li>\n<li>Bibliografia e sitografia<\/li>\n<\/ul>\n<hr \/>\n<p>&nbsp;<\/p>\n<p><span style=\"font-size: 18pt; color: #ff6600;\"><strong>DEU<\/strong><\/span><\/p>\n<p><strong>\u00a0<\/strong><\/p>\n<p><span style=\"color: #3366ff;\"><strong>Kursinhalte<\/strong><\/span><\/p>\n<p><span style=\"color: #800000;\"><strong>\u00a0<\/strong><strong>Modul 1<\/strong><strong> &#8211;\u00a0<\/strong><strong>Der Personalauswahl- und Bewertungsprozess<\/strong><strong>\u00a0<\/strong><\/span><\/p>\n<ul>\n<li>Der Prozess der Auswahl und Bewertung von Potenzialen<\/li>\n<li>Arbeitsbeschreibung<\/li>\n<li>Job-Profile<\/li>\n<li>Direkte Beobachtung<\/li>\n<li>Fragebogen<\/li>\n<li>Halbstrukturiertes Interview<\/li>\n<li>Einstellungen und F\u00e4higkeiten<\/li>\n<li>Ver\u00f6ffentlichung von Stellenangeboten<\/li>\n<li>Die Rekrutierung<\/li>\n<li>Curriculum-Screening<\/li>\n<li>Einberufung der Kandidaten<\/li>\n<li>Industriebetreiber<\/li>\n<li>Die Merkmale der Figur des Personalvermittlers<\/li>\n<li>Die Rolle der Arbeitsagenturen<\/li>\n<li>Das Forschungsprojekt<\/li>\n<li>Profilerstellung<\/li>\n<li>Das synthetische Profil<\/li>\n<li>Beispiele f\u00fcr synthetische Profile mit Adjektivskala<\/li>\n<li>Beispiele f\u00fcr synthetische numerische Profile<\/li>\n<li>Zusammenfassung des synthetischen Profils<\/li>\n<li>Das beschreibende Profil in Auswahl<\/li>\n<\/ul>\n<p>&nbsp;<\/p>\n<p><span style=\"color: #800000;\"><strong>Modul 2<\/strong><\/span><strong>\u00a0 &#8211;\u00a0<\/strong><span style=\"color: #800000;\"><strong>Ver\u00f6ffentlichung von Anzeigen und Suche nach Kandidaten<\/strong><strong>\u00a0<\/strong><\/span><\/p>\n<ul>\n<li>Die Ver\u00f6ffentlichung von Anzeigen<\/li>\n<li>Direktsuche<\/li>\n<li>Kandidatensuche \u00fcber \u201eLinkedIn\u201c<\/li>\n<li>Curricula und Screening von Kandidaten<\/li>\n<li>Curriculum-Screening<\/li>\n<li>Kontakt mit potenziellen Kandidaten und Einladung<\/li>\n<li>Das Telefoninterview<\/li>\n<li>Die Vorladung zur Durchf\u00fchrung der Tests<\/li>\n<li>Das Auswahlgespr\u00e4ch<\/li>\n<\/ul>\n<p>&nbsp;<\/p>\n<p><span style=\"color: #800000;\"><strong>Modul 3 &#8211;\u00a0<\/strong><\/span><span style=\"color: #800000;\"><strong>Arten von Vorstellungsgespr\u00e4chen, Vorstellungsgespr\u00e4che mit Kandidaten, Auswahltechniken und Psycho-Eignungstests<\/strong><\/span><strong>\u00a0<\/strong><\/p>\n<ul>\n<li>Arten von Interviews<\/li>\n<li>Individuelles Vorstellungsgespr\u00e4ch<\/li>\n<li>Das Videointerview<\/li>\n<li>Technisches Vorstellungsgespr\u00e4ch<\/li>\n<li>Vorstellungsgespr\u00e4ch in der Gruppe<\/li>\n<li>Das Interview mit den Kandidaten<\/li>\n<li>F\u00fchren des Interviews\/Interviews<\/li>\n<li>Auswahltechniken<\/li>\n<li>Das Assessment-Center<\/li>\n<li>Das Assessment Center in der Praxis<\/li>\n<li>Unkonventionelle Personalauswahltechniken<\/li>\n<li>Psychologische Tests<\/li>\n<li>Die Wahl der Kandidaten<\/li>\n<li>Die R\u00fcckmeldung<\/li>\n<\/ul>\n<p>&nbsp;<\/p>\n<p><span style=\"color: #800000;\"><strong>Modul 4 &#8211;\u00a0<\/strong><\/span><span style=\"color: #800000;\"><strong>Der psychologische Vertrag, der Abschluss der Forschung und das Sicherheitstraining<\/strong><strong>\u00a0<\/strong><\/span><\/p>\n<ul>\n<li>Bewerbungsgespr\u00e4ch<\/li>\n<li>Der psychologische Vertrag<\/li>\n<li>Das Fazit der Recherche<\/li>\n<li>Unternehmenswerte<\/li>\n<li>Die Einf\u00fcgephase<\/li>\n<li>Sicherheitstraining<\/li>\n<li>Unternehmen f\u00fcr Personalsuche und -auswahl<\/li>\n<\/ul>\n<p>&nbsp;<\/p>\n<p><span style=\"color: #800000;\"><strong>Modul 5 &#8211;\u00a0<\/strong><\/span><span style=\"color: #800000;\"><strong>Lebenslauf und Anschreiben<\/strong><strong>\u00a0<\/strong><\/span><\/p>\n<ul>\n<li>Einen Lebenslauf schreiben<\/li>\n<li>Was ist ein Lebenslauf?<\/li>\n<li>Welche Informationen m\u00fcssen eingegeben werden?<\/li>\n<li>Beispiele f\u00fcr Lebensl\u00e4ufe<\/li>\n<li>Motivationsschreiben<\/li>\n<li>Beispiel<\/li>\n<li>Bibliographie und Sitographie<\/li>\n<\/ul>\n<p>&nbsp;<\/p>\n<hr \/>\n<p><span style=\"color: #ff0000;\"><strong><span style=\"font-size: 18pt;\">ENG<\/span><\/strong><\/span><\/p>\n<p>&nbsp;<\/p>\n<p><strong><span style=\"color: #3366ff;\">Course contents<\/span><\/strong><\/p>\n<p>&nbsp;<\/p>\n<p><span style=\"color: #800000;\"><strong>Module 1 &#8211;\u00a0<\/strong><\/span><span style=\"color: #800000;\"><strong>The personnel selection and evaluation process<\/strong><strong>\u00a0<\/strong><\/span><\/p>\n<ul>\n<li>The process of selection and evaluation of potential<\/li>\n<li>Job description<\/li>\n<li>Job Profiles<\/li>\n<li>Direct observation<\/li>\n<li>Questionnaire<\/li>\n<li>Semi-structured interview<\/li>\n<li>Attitudes and skills<\/li>\n<li>Publication of job vacancies<\/li>\n<li>The recruitment<\/li>\n<li>Curriculum screening<\/li>\n<li>Convocation of candidates<\/li>\n<li>Industry operators<\/li>\n<li>The characteristics of the figure of the recruiter<\/li>\n<li>The role of employment agencies<\/li>\n<li>The research project<\/li>\n<li>Profile drafting<\/li>\n<li>The synthetic profile<\/li>\n<li>Examples of synthetic profile with adjective scale<\/li>\n<li>Examples of synthetic numerical profile<\/li>\n<li>Summary of synthetic profile<\/li>\n<li>The descriptive profile in selection<\/li>\n<\/ul>\n<p>&nbsp;<\/p>\n<p><span style=\"color: #800000;\"><strong>Module 2 &#8211;\u00a0<\/strong><strong>Publication of adverts and search for candidates<\/strong><strong>\u00a0<\/strong><\/span><\/p>\n<ul>\n<li>The publication of ads<\/li>\n<li>Direct search<\/li>\n<li>Searching for candidates via \u201cLinkedIn\u201d<\/li>\n<li>Candidate curricula and screening<\/li>\n<li>Curriculum screening<\/li>\n<li>Contact with potential candidates and invitation<\/li>\n<li>The telephone interview<\/li>\n<li>The summons to carry out the tests<\/li>\n<li>The selection interview<\/li>\n<\/ul>\n<p>&nbsp;<\/p>\n<p><span style=\"color: #800000;\"><strong>Module 3 &#8211;\u00a0<\/strong><strong>Types of interviews, interviewing candidates, selection techniques and psycho-aptitude tests<\/strong><\/span><\/p>\n<ul>\n<li>Types of interview<\/li>\n<li>Individual job interview<\/li>\n<li>The video interview<\/li>\n<li>Technical job interview<\/li>\n<li>Group job interview<\/li>\n<li>The interview with the candidates<\/li>\n<li>Conducting the interview\/interview<\/li>\n<li>Selection techniques<\/li>\n<li>The Assessment Center<\/li>\n<li>The assessment center in practice<\/li>\n<li>Unconventional personnel selection techniques<\/li>\n<li>Psychological tests<\/li>\n<li>The choice of candidates<\/li>\n<li>The feedback<\/li>\n<\/ul>\n<p><span style=\"color: #800000;\"><strong>Module 4 &#8211;\u00a0<\/strong><strong>The psychological contract, the conclusion of the research and safety training<\/strong><strong>\u00a0<\/strong><\/span><\/p>\n<ul>\n<li>Recruitment interview<\/li>\n<li>The psychological contract<\/li>\n<li>The conclusion of the research<\/li>\n<li>Company values<\/li>\n<li>The insertion phase<\/li>\n<li>Safety training<\/li>\n<li>Personnel search and selection companies<\/li>\n<\/ul>\n<p><strong>\u00a0<\/strong><\/p>\n<p><span style=\"color: #800000;\"><strong>Module 5\u00a0 &#8211; <\/strong><\/span><span style=\"color: #800000;\"><strong>Curriculum Vitae and Cover letter<\/strong><strong>\u00a0<\/strong><\/span><\/p>\n<ul>\n<li>Write a CV<\/li>\n<li>What is a CV?<\/li>\n<li>What information to enter?<\/li>\n<li>Examples of CVs<\/li>\n<li>Cover letter<\/li>\n<li>Example<\/li>\n<li>Bibliography and sitography<\/li>\n<\/ul>\n<p>&nbsp;<\/p>\n<hr \/>\n<p><span style=\"color: #0000ff;\"><strong><span style=\"font-size: 18pt;\">FRA<\/span><\/strong><\/span><\/p>\n<p>&nbsp;<\/p>\n<p><strong><span style=\"color: #3366ff;\">Contenu du cours<\/span><\/strong><\/p>\n<p><strong>\u00a0<\/strong><\/p>\n<p><span style=\"color: #800000;\"><strong>Module 1 &#8211;\u00a0<\/strong><\/span><span style=\"color: #800000;\"><strong>Le processus de s\u00e9lection et d\u2019\u00e9valuation du personnel<\/strong><strong>\u00a0<\/strong><\/span><\/p>\n<ul>\n<li>Le processus de s\u00e9lection et d&#8217;\u00e9valuation du potentiel<\/li>\n<li>Description de l&#8217;emploi<\/li>\n<li>Profils d&#8217;emploi<\/li>\n<li>Observation directe<\/li>\n<li>Questionnaire<\/li>\n<li>Entretien semi-directif<\/li>\n<li>Attitudes et comp\u00e9tences<\/li>\n<li>Publication des offres d&#8217;emploi<\/li>\n<li>Le recrutement<\/li>\n<li>D\u00e9pistage du curriculum<\/li>\n<li>Convocation des candidats<\/li>\n<li>Op\u00e9rateurs de l&#8217;industrie<\/li>\n<li>Les caract\u00e9ristiques de la figure du recruteur<\/li>\n<li>Le r\u00f4le des agences pour l&#8217;emploi<\/li>\n<li>Le projet de recherche<\/li>\n<li>R\u00e9daction de profil<\/li>\n<li>Le profil synth\u00e9tique<\/li>\n<li>Exemples de profil synth\u00e9tique avec \u00e9chelle d&#8217;adjectifs<\/li>\n<li>Exemples de profil num\u00e9rique synth\u00e9tique<\/li>\n<li>R\u00e9sum\u00e9 du profil synth\u00e9tique<\/li>\n<li>Le profil descriptif en s\u00e9lection<\/li>\n<\/ul>\n<p>&nbsp;<\/p>\n<p><span style=\"color: #800000;\"><strong>Module 2 &#8211;\u00a0<\/strong><\/span><span style=\"color: #800000;\"><strong>Publication d&#8217;annonces et recherche de candidats<\/strong><strong>\u00a0<\/strong><\/span><\/p>\n<ul>\n<li>La publication d&#8217;annonces<\/li>\n<li>Recherche directe<\/li>\n<li>Recherche de candidats via &#8220;LinkedIn&#8221;<\/li>\n<li>Cursus et pr\u00e9s\u00e9lection des candidats<\/li>\n<li>D\u00e9pistage du curriculum<\/li>\n<li>Contact avec les candidats potentiels et invitation<\/li>\n<li>L&#8217;entretien t\u00e9l\u00e9phonique<\/li>\n<li>La convocation pour effectuer les tests<\/li>\n<li>L&#8217;entretien de s\u00e9lection<\/li>\n<\/ul>\n<p>&nbsp;<\/p>\n<p><span style=\"color: #800000;\"><strong>Module 3 &#8211;\u00a0<\/strong><\/span><span style=\"color: #800000;\"><strong>Types d&#8217;entretiens, entretiens avec les candidats, techniques de s\u00e9lection et tests de psycho-aptitude<\/strong><strong>\u00a0<\/strong><\/span><\/p>\n<ul>\n<li>Types d&#8217;entretien<\/li>\n<li>Entretien d&#8217;embauche individuel<\/li>\n<li>L&#8217;entretien vid\u00e9o<\/li>\n<li>Entretien d&#8217;embauche technique<\/li>\n<li>Entretien d&#8217;embauche en groupe<\/li>\n<li>L&#8217;entretien avec les candidats<\/li>\n<li>Conduite de l&#8217;entretien \/ de l&#8217;entretien<\/li>\n<li>Techniques de s\u00e9lection<\/li>\n<li>Le Centre d&#8217;\u00e9valuation<\/li>\n<li>Le centre d&#8217;\u00e9valuation en pratique<\/li>\n<li>Techniques de s\u00e9lection du personnel non conventionnelles<\/li>\n<li>Tests psychologiques<\/li>\n<li>Le choix des candidats<\/li>\n<li>Le compte rendu<\/li>\n<\/ul>\n<p>&nbsp;<\/p>\n<p><span style=\"color: #800000;\"><strong>Module 4 &#8211;\u00a0<\/strong><\/span><span style=\"color: #800000;\"><strong>Le contrat psychologique, la conclusion de la recherche et la formation \u00e0 la s\u00e9curit\u00e9<\/strong><strong>\u00a0<\/strong><\/span><\/p>\n<ul>\n<li>Entretien de recrutement<\/li>\n<li>Le contrat psychologique<\/li>\n<li>La conclusion de la recherche<\/li>\n<li>Valeurs de l&#8217;entreprise<\/li>\n<li>La phase d&#8217;insertion<\/li>\n<li>Formation \u00e0 la s\u00e9curit\u00e9<\/li>\n<li>Entreprises de recherche et de s\u00e9lection de personnel<\/li>\n<\/ul>\n<p><strong>\u00a0<\/strong><\/p>\n<p><span style=\"color: #800000;\"><strong>Module 5 &#8211; C<\/strong><\/span><span style=\"color: #800000;\"><strong>urriculum Vitae et lettre de motivation<\/strong><strong>\u00a0<\/strong><\/span><\/p>\n<ul>\n<li>R\u00e9diger un CV<\/li>\n<li>Qu&#8217;est-ce qu&#8217;un CV ?<\/li>\n<li>Quelles informations saisir ?<\/li>\n<li>Exemples de CV<\/li>\n<li>Lettre de motivation<\/li>\n<li>Exemple<\/li>\n<li>Bibliographie et sitographie<\/li>\n<\/ul>\n","protected":false},"excerpt":{"rendered":"<p>ITA Programma del corso: &nbsp; Modulo 1 &#8211; Il processo di selezione e valutazione del personale\u00a0 Il processo di selezione e valutazione del potenziale Job description Job Profile Osservazione diretta Questionario Intervista semi strutturata Attitudini e competenze Pubblicazione degli annunci di ricerca di personale Il reclutamento Screening dei curricula La convocazione dei candidati Gli operatori [&hellip;]<\/p>\n","protected":false},"author":1,"featured_media":0,"parent":0,"menu_order":0,"comment_status":"closed","ping_status":"closed","template":"","meta":{"footnotes":""},"class_list":["post-1301","page","type-page","status-publish","hentry"],"_links":{"self":[{"href":"https:\/\/effedore.com\/index.php?rest_route=\/wp\/v2\/pages\/1301","targetHints":{"allow":["GET"]}}],"collection":[{"href":"https:\/\/effedore.com\/index.php?rest_route=\/wp\/v2\/pages"}],"about":[{"href":"https:\/\/effedore.com\/index.php?rest_route=\/wp\/v2\/types\/page"}],"author":[{"embeddable":true,"href":"https:\/\/effedore.com\/index.php?rest_route=\/wp\/v2\/users\/1"}],"replies":[{"embeddable":true,"href":"https:\/\/effedore.com\/index.php?rest_route=%2Fwp%2Fv2%2Fcomments&post=1301"}],"version-history":[{"count":6,"href":"https:\/\/effedore.com\/index.php?rest_route=\/wp\/v2\/pages\/1301\/revisions"}],"predecessor-version":[{"id":1698,"href":"https:\/\/effedore.com\/index.php?rest_route=\/wp\/v2\/pages\/1301\/revisions\/1698"}],"wp:attachment":[{"href":"https:\/\/effedore.com\/index.php?rest_route=%2Fwp%2Fv2%2Fmedia&parent=1301"}],"curies":[{"name":"wp","href":"https:\/\/api.w.org\/{rel}","templated":true}]}}