{"id":1321,"date":"2023-03-12T04:06:10","date_gmt":"2023-03-12T04:06:10","guid":{"rendered":"https:\/\/effedore.com\/?page_id=1321"},"modified":"2023-03-12T04:10:16","modified_gmt":"2023-03-12T04:10:16","slug":"motivazione-del-personale-formalia-2023","status":"publish","type":"page","link":"https:\/\/effedore.com\/?page_id=1321","title":{"rendered":"motivazione del personale &#8211; formalia 2023"},"content":{"rendered":"<figure id=\"attachment_1324\" aria-describedby=\"caption-attachment-1324\" style=\"width: 300px\" class=\"wp-caption aligncenter\"><a href=\"https:\/\/effedore.com\/wp-content\/uploads\/2023\/03\/diploma-motivazione-del-personale-little.png\"><img fetchpriority=\"high\" decoding=\"async\" class=\"wp-image-1324 size-medium\" src=\"https:\/\/effedore.com\/wp-content\/uploads\/2023\/03\/diploma-motivazione-del-personale-little-300x212.png\" alt=\"\" width=\"300\" height=\"212\" srcset=\"https:\/\/effedore.com\/wp-content\/uploads\/2023\/03\/diploma-motivazione-del-personale-little-300x212.png 300w, https:\/\/effedore.com\/wp-content\/uploads\/2023\/03\/diploma-motivazione-del-personale-little.png 768w\" sizes=\"(max-width: 300px) 100vw, 300px\" \/><\/a><figcaption id=\"caption-attachment-1324\" class=\"wp-caption-text\">clicca per ingrandire &#8211; click to enlarge<\/figcaption><\/figure>\n<p>&nbsp;<\/p>\n<p>&nbsp;<\/p>\n<p><strong><span style=\"color: #3366ff;\">Programma del corso<\/span><\/strong><\/p>\n<p>&nbsp;<\/p>\n<p><span style=\"color: #800000;\"><strong>Modulo 1 &#8211; Motivazione: definizione e teorie<\/strong><\/span><strong>\u00a0<\/strong><\/p>\n<ul>\n<li>La genesi del comportamento motivato<\/li>\n<li>Lo studio biologico della motivazione<\/li>\n<li>Gli stati motivazionali<\/li>\n<li>Teoria freudiana delle pulsioni: l\u2019istinto primario<\/li>\n<li>Le teorie sulla motivazione\n<ul>\n<li>I bisogni di Maslow<\/li>\n<li>La teoria di Herzberg: la motivazione sul lavoro<\/li>\n<li>La motivazione nel lavoro<\/li>\n<li>Teoria dell&#8217;energia psicologica di Argyris<\/li>\n<\/ul>\n<\/li>\n<\/ul>\n<p><strong>\u00a0<\/strong><\/p>\n<p><span style=\"color: #800000;\"><strong>Modulo 2 &#8211; Motivare s\u00e9 stessi<\/strong><\/span><strong>\u00a0<\/strong><\/p>\n<ul>\n<li>Il ruolo centrale delle emozioni<\/li>\n<li>Principi di neuroscienze sul comportamento motivato<\/li>\n<li>Il ruolo centrale delle emozioni<\/li>\n<li>Le emozioni<\/li>\n<li>Come funziona il circuito stimolo-risposta<\/li>\n<li>Evidenze neuroscientifiche: come funziona il cervello<\/li>\n<li>Le emozioni PRIMARIE sono 6<\/li>\n<li>Emozioni base per la motivazione<\/li>\n<li>Classificazione dei segnali e la compensazione (Legisa, 2015)<\/li>\n<li>La perdita di motivazione: come gestirla e aumentare il controllo<\/li>\n<li>Conoscere per controllare<\/li>\n<li>Motivazione e ricerca del lavoro<\/li>\n<li>Il circolo pensiero-emozione-comportamento<\/li>\n<li>Un concetto probabilistico!<\/li>\n<li>Strategie e esercizi individuali<\/li>\n<li>Strategie pratiche per il recupero motivazionale<\/li>\n<li>L\u2019importanza del riconoscimento<\/li>\n<li>Motivazione e goal setting<\/li>\n<li>Orientarsi verso un obiettivo<\/li>\n<li>Obiettivo intrinseco<\/li>\n<li>Obiettivi SMART<\/li>\n<li>Il modello goal setting<\/li>\n<li>Visualizzazione \u2013 Contrasto Mentale<\/li>\n<li>Il ponte visivo<\/li>\n<\/ul>\n<p><strong>\u00a0<\/strong><\/p>\n<p><span style=\"color: #800000;\"><strong>Modulo 3 &#8211; Dare agli altri un motivo: orientare alla motivazione sul posto di lavoro<\/strong><\/span><strong>\u00a0<\/strong><\/p>\n<ul>\n<li>Cos\u2019\u00e8 un\u2019organizzazione?<\/li>\n<li>L\u2019organizzazione aziendale \u00e8 responsabile della motivazione individuale?<\/li>\n<li>La struttura formale\u2026 e come funziona (dell\u2019organizzazione)<\/li>\n<li>Una buona organizzazione-azienda permette di usare la motivazione come leva competitiva verso l\u2019interno e verso<\/li>\n<li>l\u2019esterno<\/li>\n<li>I 3 sistemi dell\u2019analisi<\/li>\n<li>Lo scopo dell\u2019organizzazione produttiva e affiliazione con il dipendente<\/li>\n<li>Due macroprocessi in ambito HR<\/li>\n<li>Gli strumenti usati dall\u2019organizzazione che agiscono come leva sulla motivazione<\/li>\n<\/ul>\n<p>&nbsp;<\/p>\n<ol>\n<li>L\u2019organigramma<\/li>\n<li>Le posizioni e i ruoli<\/li>\n<\/ol>\n<ul>\n<li>Valutazione della Posizione<\/li>\n<li>Analisi della Posizione: come?<\/li>\n<li>I ruoli in azienda<\/li>\n<li>Perch\u00e9 definire i ruoli in azienda?<\/li>\n<\/ul>\n<ol start=\"3\">\n<li>La Job Analysis<\/li>\n<\/ol>\n<ul>\n<li>Due macroprocessi in ambito HR<\/li>\n<li>Job Description VS Mansionario<\/li>\n<\/ul>\n<ol start=\"4\">\n<li>La comunicazione motivante: un\u2019importante leva<\/li>\n<li>La Leadership<\/li>\n<\/ol>\n<ul>\n<li>La variabile della fiducia<\/li>\n<li>La misurazione del livello di motivazione<\/li>\n<li>Elementi chiave della motivazione in azienda<\/li>\n<\/ul>\n<ol start=\"6\">\n<li>Lo Smart Working come leva per la motivazione<\/li>\n<\/ol>\n<ul>\n<li>Smart Working: vantaggi per imprese e lavoratori<\/li>\n<li>Smart Working: dopo l\u2019emergenza<\/li>\n<\/ul>\n<ol start=\"7\">\n<li>Feedback e rinforzo positivo per la motivazione<\/li>\n<li>Il benessere organizzativo<\/li>\n<li>Cambiamento organizzativo come leva per la motivazione<\/li>\n<\/ol>\n<ul>\n<li>Gestire il tempo in modo efficiente<\/li>\n<li>Strumenti pratici per la gestione del tempo proprio e del proprio team<\/li>\n<\/ul>\n<hr \/>\n<p>&nbsp;<\/p>\n<p><span style=\"color: #ff6600; font-size: 18pt;\"><strong>DEU<\/strong><\/span><\/p>\n<p>&nbsp;<\/p>\n<p><span style=\"color: #3366ff;\"><strong>Kursplan<\/strong><\/span><\/p>\n<p><strong>\u00a0<\/strong><\/p>\n<p><span style=\"color: #800000;\"><strong>Motivation: Definition und Theorien<\/strong><\/span><strong>\u00a0<\/strong><\/p>\n<ul>\n<li>Die Genese motivierten Verhaltens<\/li>\n<li>Die biologische Motivationsforschung<\/li>\n<li>Motivationszust\u00e4nde<\/li>\n<li>Freudsche Triebtheorie: Der prim\u00e4re Instinkt<\/li>\n<li>Motivationstheorien\n<ul>\n<li>Maslows Bed\u00fcrfnisse<\/li>\n<li>Herzbergs Theorie: Motivation bei der Arbeit<\/li>\n<li>Motivation bei der Arbeit<\/li>\n<li>Argyris psychologische Energietheorie<\/li>\n<\/ul>\n<\/li>\n<\/ul>\n<p>&nbsp;<\/p>\n<p><span style=\"color: #800000;\"><strong>Motiviere dich selbst<\/strong><\/span><\/p>\n<ul>\n<li>Die zentrale Rolle der Emotionen<\/li>\n<li>Neurowissenschaftliche Prinzipien zum motivierten Verhalten<\/li>\n<li>Die zentrale Rolle der Emotionen<\/li>\n<li>Die Emotionen<\/li>\n<li>Wie die Stimulus-Response-Schaltung funktioniert<\/li>\n<li>Neurowissenschaftliche Beweise: Wie das Gehirn funktioniert<\/li>\n<li>Es gibt 6 PRIM\u00c4RE Emotionen<\/li>\n<li>Grundlegende Emotionen f\u00fcr die Motivation<\/li>\n<li>Signalklassifizierung und Kompensation (Legisa, 2015)<\/li>\n<li>Der Motivationsverlust: wie man damit umgeht und die Kontrolle erh\u00f6ht<\/li>\n<li>Wissen zu \u00fcberpr\u00fcfen<\/li>\n<li>Motivation und Jobsuche<\/li>\n<li>Der Gedanken-Emotions-Verhaltens-Kreis<\/li>\n<li>Ein probabilistisches Konzept!<\/li>\n<li>Individuelle Strategien und \u00dcbungen<\/li>\n<li>Praktische Strategien zur Motivationswiederherstellung<\/li>\n<li>Die Bedeutung der Anerkennung<\/li>\n<li>Motivation und Zielsetzung<\/li>\n<li>Zielorientiert<\/li>\n<li>Eigenes Ziel<\/li>\n<li>SMARTe Ziele<\/li>\n<li>Das Zielsetzungsmodell<\/li>\n<li>Visualisierung \u2013 Mentaler Kontrast<\/li>\n<li>Die visuelle Br\u00fccke<\/li>\n<\/ul>\n<p><strong>\u00a0<\/strong><\/p>\n<p><span style=\"color: #800000;\"><strong>Anderen einen Grund geben: F\u00f6rdern Sie die Motivation am Arbeitsplatz<\/strong><\/span><strong>\u00a0<\/strong><\/p>\n<ol>\n<li>Was ist eine Organisation?<\/li>\n<li>Ist die Betriebsorganisation f\u00fcr die individuelle Motivation verantwortlich?<\/li>\n<li>Die formale Struktur\u2026 und wie sie funktioniert (der Organisation)<\/li>\n<li>Ein gutes Organisations-Unternehmen erm\u00f6glicht es Ihnen, Motivation als Wettbewerbshebel nach innen und nach au\u00dfen zu nutzen<\/li>\n<li>die Au\u00dfenseite<\/li>\n<li>Die 3 Analysesysteme<\/li>\n<li>Der Zweck der Produktionsorganisation und die Zugeh\u00f6rigkeit zum Mitarbeiter<\/li>\n<li>Zwei Makroprozesse im HR-Bereich<\/li>\n<li>Die von der Organisation verwendeten Tools, die als Motivationshebel wirken<\/li>\n<\/ol>\n<p>&nbsp;<\/p>\n<ol>\n<li>Das Organigramm<\/li>\n<li>Positionen und Rollen<\/li>\n<\/ol>\n<ul>\n<li>Positionsbewertung<\/li>\n<li>Positionsanalyse: Wie?<\/li>\n<li>Die Rollen im Unternehmen<\/li>\n<li>Warum Rollen im Unternehmen definieren?<\/li>\n<\/ul>\n<p>&nbsp;<\/p>\n<ol start=\"3\">\n<li>Stellenanalyse<\/li>\n<\/ol>\n<p>&nbsp;<\/p>\n<ul>\n<li>Zwei Makroprozesse im HR-Bereich<\/li>\n<li>Stellenbeschreibung VS Stellenbezeichnung<\/li>\n<\/ul>\n<p>&nbsp;<\/p>\n<ol start=\"4\">\n<li>Motivierende Kommunikation: ein wichtiger Hebel<\/li>\n<li>F\u00fchrung<\/li>\n<\/ol>\n<ul>\n<li>Die Vertrauensvariable<\/li>\n<li>Die Messung des Motivationsniveaus<\/li>\n<li>Schl\u00fcsselelemente der Motivation im Unternehmen<\/li>\n<\/ul>\n<p>&nbsp;<\/p>\n<ol start=\"6\">\n<li>Smart Working als Motivationshebel<\/li>\n<\/ol>\n<p>&nbsp;<\/p>\n<ul>\n<li>Smart Working: Vorteile f\u00fcr Unternehmen und Arbeitnehmer<\/li>\n<li>Smart Working: nach dem Notfall<\/li>\n<\/ul>\n<p>&nbsp;<\/p>\n<ol start=\"7\">\n<li>Feedback und positive Verst\u00e4rkung zur Motivation<\/li>\n<li>Organisatorisches Wohlbefinden<\/li>\n<li>Organisatorischer Wandel als Motivationshebel<\/li>\n<\/ol>\n<ul>\n<li>Zeit effizient verwalten<\/li>\n<li>Praktische Tools zum Verwalten Ihrer eigenen Zeit und der Ihres Teams<\/li>\n<\/ul>\n<p>&nbsp;<\/p>\n<hr \/>\n<p>&nbsp;<\/p>\n<p><span style=\"font-size: 18pt; color: #ff0000;\"><strong>ENG<\/strong><\/span><\/p>\n<p>&nbsp;<\/p>\n<p><span style=\"color: #3366ff;\"><strong>course schedule:<\/strong><\/span><\/p>\n<p><strong>\u00a0<\/strong><\/p>\n<p><span style=\"color: #800000;\"><strong>Motivation: definition and theories<\/strong><\/span><strong>\u00a0<\/strong><\/p>\n<ul>\n<li>The genesis of motivated behavior<\/li>\n<li>The biological study of motivation<\/li>\n<li>Motivational states<\/li>\n<li>Freudian drive theory: the primary instinct<\/li>\n<li>Theories of motivation\n<ul>\n<li>Maslow&#8217;s needs<\/li>\n<li>Herzberg&#8217;s theory: motivation at work<\/li>\n<li>Motivation at work<\/li>\n<li>Argyris Psychological Energy Theory<\/li>\n<\/ul>\n<\/li>\n<\/ul>\n<p>&nbsp;<\/p>\n<p><span style=\"color: #800000;\"><strong>Motivate yourself<\/strong><\/span><strong>\u00a0<\/strong><\/p>\n<ul>\n<li>The central role of emotions<\/li>\n<li>Neuroscience principles on motivated behavior<\/li>\n<li>The central role of emotions<\/li>\n<li>The emotions<\/li>\n<li>How the stimulus-response circuit works<\/li>\n<li>Neuroscientific evidence: how the brain works<\/li>\n<li>There are 6 PRIMARY emotions<\/li>\n<li>Basic emotions for motivation<\/li>\n<li>Signal classification and compensation (Legisa, 2015)<\/li>\n<li>The loss of motivation: how to manage it and increase control<\/li>\n<li>Know to check<\/li>\n<li>Motivation and job search<\/li>\n<li>The thought-emotion-behavior circle<\/li>\n<li>A probabilistic concept!<\/li>\n<li>Individual strategies and exercises<\/li>\n<li>Practical strategies for motivational recovery<\/li>\n<li>The importance of recognition<\/li>\n<li>Motivation and goal setting<\/li>\n<li>Goal oriented<\/li>\n<li>Intrinsic goal<\/li>\n<li>SMART goals<\/li>\n<li>The goal-setting model<\/li>\n<li>Visualization \u2013 Mental Contrast<\/li>\n<li>The visual bridge<\/li>\n<\/ul>\n<p>&nbsp;<\/p>\n<p><span style=\"color: #800000;\"><strong>Giving others a reason: Drive motivation in the workplace<\/strong><\/span><strong>\u00a0<\/strong><\/p>\n<ul>\n<li>What is an Organization?<\/li>\n<li>Is the business organization responsible for individual motivation?<\/li>\n<li>The formal structure\u2026 and how it works (of the organization)<\/li>\n<li>A good organization-company allows you to use motivation as a competitive lever inwards and towards<\/li>\n<li>the outside<\/li>\n<li>The 3 systems of analysis<\/li>\n<li>The purpose of the production organization and affiliation with the employee<\/li>\n<li>Two macro-processes in the HR field<\/li>\n<li>The tools used by the organization that act as a lever on motivation\n<ol>\n<li>The organization chart<\/li>\n<li>Positions and roles<\/li>\n<\/ol>\n<\/li>\n<li>Position Evaluation<\/li>\n<li>Position analysis: how?<\/li>\n<li>The roles in the company<\/li>\n<li>Why define roles in the company?\n<ol start=\"3\">\n<li>Job Analysis<\/li>\n<\/ol>\n<\/li>\n<li>Two macro-processes in the HR area<\/li>\n<li>Job Description VS Job Title\n<ol start=\"4\">\n<li>Motivating communication: an important lever<\/li>\n<li>Leadership<\/li>\n<\/ol>\n<\/li>\n<\/ul>\n<ol>\n<li>The variable of trust<\/li>\n<li>The measurement of the level of motivation<\/li>\n<li>Key elements of motivation in the company\n<ol start=\"6\">\n<li>Smart Working as a lever for motivation<\/li>\n<\/ol>\n<\/li>\n<li>Smart Working: advantages for businesses and workers<\/li>\n<li>Smart Working: after the emergency\n<ol start=\"7\">\n<li>Feedback and positive reinforcement for motivation<\/li>\n<li>Organizational well-being<\/li>\n<li>Organizational change as a lever for motivation<\/li>\n<\/ol>\n<\/li>\n<\/ol>\n<ul>\n<li>Manage time efficiently<\/li>\n<li>Practical tools for managing your own time and that of your team<\/li>\n<\/ul>\n<hr \/>\n<p><span style=\"color: #0000ff; font-size: 18pt;\"><strong>FRA<\/strong><\/span><\/p>\n<p>&nbsp;<\/p>\n<p><span style=\"color: #3366ff;\"><strong>Programme des cours<\/strong><\/span><\/p>\n<p><strong>\u00a0<\/strong><\/p>\n<p><span style=\"color: #800000;\"><strong>Motivation : d\u00e9finition et th\u00e9ories<\/strong><\/span><strong>\u00a0<\/strong><\/p>\n<ul>\n<li>La gen\u00e8se du comportement motiv\u00e9<\/li>\n<li>L&#8217;\u00e9tude biologique de la motivation<\/li>\n<li>\u00c9tats motivationnels<\/li>\n<li>Th\u00e9orie freudienne des pulsions : l&#8217;instinct primaire<\/li>\n<li>Th\u00e9ories de la motivation\n<ul>\n<li>Les besoins de Maslow<\/li>\n<li>La th\u00e9orie de Herzberg : la motivation au travail<\/li>\n<li>Motivation au travail<\/li>\n<li>Th\u00e9orie de l&#8217;\u00e9nergie psychologique d&#8217;Argyris<\/li>\n<\/ul>\n<\/li>\n<\/ul>\n<p><strong>\u00a0<\/strong><\/p>\n<p><span style=\"color: #800000;\"><strong>Motivez-vous<\/strong><\/span><strong>\u00a0<\/strong><\/p>\n<ul>\n<li>Le r\u00f4le central des \u00e9motions<\/li>\n<li>Principes des neurosciences sur le comportement motiv\u00e9<\/li>\n<li>Le r\u00f4le central des \u00e9motions<\/li>\n<li>Les \u00e9motions<\/li>\n<li>Comment fonctionne le circuit stimulus-r\u00e9ponse<\/li>\n<li>Preuve neuroscientifique : comment fonctionne le cerveau<\/li>\n<li>Il y a 6 \u00e9motions PRIMAIRES<\/li>\n<li>\u00c9motions de base pour la motivation<\/li>\n<li>Classification et compensation des signaux (Legisa, 2015)<\/li>\n<li>La perte de motivation : comment la g\u00e9rer et gagner en contr\u00f4le<\/li>\n<li>Savoir v\u00e9rifier<\/li>\n<li>Motivation et recherche d&#8217;emploi<\/li>\n<li>Le cercle pens\u00e9e-\u00e9motion-comportement<\/li>\n<li>Un concept probabiliste !<\/li>\n<li>Strat\u00e9gies et exercices individuels<\/li>\n<li>Strat\u00e9gies pratiques de r\u00e9cup\u00e9ration motivationnelle<\/li>\n<li>L&#8217;importance de la reconnaissance<\/li>\n<li>Motivation et \u00e9tablissement d&#8217;objectifs<\/li>\n<li>Ax\u00e9 sur les objectifs<\/li>\n<li>Objectif intrins\u00e8que<\/li>\n<li>Objectifs SMART<\/li>\n<li>Le mod\u00e8le d&#8217;\u00e9tablissement d&#8217;objectifs<\/li>\n<li>Visualisation \u2013 Contraste mental<\/li>\n<li>Le pont visuel<\/li>\n<\/ul>\n<p><strong>\u00a0<\/strong><\/p>\n<p><span style=\"color: #800000;\"><strong>Donner une raison aux autres\u00a0: stimuler la motivation au travail<\/strong><\/span><\/p>\n<ul>\n<li>Qu&#8217;est-ce qu&#8217;une organisation\u00a0?<\/li>\n<li>L&#8217;organisation de l&#8217;entreprise est-elle responsable de la motivation individuelle ?<\/li>\n<li>La structure formelle\u2026 et son fonctionnement (de l&#8217;organisation)<\/li>\n<li>Une bonne organisation-entreprise permet d&#8217;utiliser la motivation comme levier de comp\u00e9titivit\u00e9 vers l&#8217;int\u00e9rieur et vers<\/li>\n<li>l&#8217;ext\u00e9rieur<\/li>\n<li>Les 3 syst\u00e8mes d&#8217;analyse<\/li>\n<li>Le but de l&#8217;organisation de production et l&#8217;affiliation avec l&#8217;employ\u00e9<\/li>\n<li>Deux macro-processus dans le domaine RH<\/li>\n<li>Les outils utilis\u00e9s par l&#8217;organisation qui agissent comme levier de motivation<\/li>\n<\/ul>\n<p>&nbsp;<\/p>\n<ol>\n<li>L&#8217;organigramme<\/li>\n<li>Postes et r\u00f4les<\/li>\n<\/ol>\n<ul>\n<li>\u00c9valuation du poste<\/li>\n<li>Analyse de position : comment ?<\/li>\n<li>Les r\u00f4les dans l&#8217;entreprise<\/li>\n<li>Pourquoi d\u00e9finir les r\u00f4les dans l&#8217;entreprise ?\n<ol start=\"3\">\n<li>Analyse du travail<\/li>\n<\/ol>\n<\/li>\n<li>Deux macro-processus dans le domaine RH<\/li>\n<li>Description du poste VS Titre du poste\n<ol start=\"4\">\n<li>La communication motivante : un levier important<\/li>\n<li>Direction<\/li>\n<\/ol>\n<\/li>\n<li>La variable de confiance<\/li>\n<li>La mesure du niveau de motivation<\/li>\n<li>\u00c9l\u00e9ments cl\u00e9s de la motivation dans l&#8217;entreprise\n<ol start=\"6\">\n<li>Le Smart Working comme levier de motivation<\/li>\n<\/ol>\n<\/li>\n<li>Smart Working : avantages pour les entreprises et les travailleurs<\/li>\n<li>Smart Working : apr\u00e8s l&#8217;urgence\n<ol start=\"7\">\n<li>Feedback et renforcement positif pour la motivation<\/li>\n<li>Bien-\u00eatre organisationnel<\/li>\n<li>Le changement organisationnel comme levier de motivation<\/li>\n<\/ol>\n<\/li>\n<li>G\u00e9rez efficacement votre temps<\/li>\n<li>Des outils pratiques pour g\u00e9rer son temps et celui de son \u00e9quipe<\/li>\n<\/ul>\n","protected":false},"excerpt":{"rendered":"<p>&nbsp; &nbsp; Programma del corso &nbsp; Modulo 1 &#8211; Motivazione: definizione e teorie\u00a0 La genesi del comportamento motivato Lo studio biologico della motivazione Gli stati motivazionali Teoria freudiana delle pulsioni: l\u2019istinto primario Le teorie sulla motivazione I bisogni di Maslow La teoria di Herzberg: la motivazione sul lavoro La motivazione nel lavoro Teoria dell&#8217;energia psicologica [&hellip;]<\/p>\n","protected":false},"author":1,"featured_media":0,"parent":0,"menu_order":0,"comment_status":"closed","ping_status":"closed","template":"","meta":{"footnotes":""},"class_list":["post-1321","page","type-page","status-publish","hentry"],"_links":{"self":[{"href":"https:\/\/effedore.com\/index.php?rest_route=\/wp\/v2\/pages\/1321","targetHints":{"allow":["GET"]}}],"collection":[{"href":"https:\/\/effedore.com\/index.php?rest_route=\/wp\/v2\/pages"}],"about":[{"href":"https:\/\/effedore.com\/index.php?rest_route=\/wp\/v2\/types\/page"}],"author":[{"embeddable":true,"href":"https:\/\/effedore.com\/index.php?rest_route=\/wp\/v2\/users\/1"}],"replies":[{"embeddable":true,"href":"https:\/\/effedore.com\/index.php?rest_route=%2Fwp%2Fv2%2Fcomments&post=1321"}],"version-history":[{"count":3,"href":"https:\/\/effedore.com\/index.php?rest_route=\/wp\/v2\/pages\/1321\/revisions"}],"predecessor-version":[{"id":1326,"href":"https:\/\/effedore.com\/index.php?rest_route=\/wp\/v2\/pages\/1321\/revisions\/1326"}],"wp:attachment":[{"href":"https:\/\/effedore.com\/index.php?rest_route=%2Fwp%2Fv2%2Fmedia&parent=1321"}],"curies":[{"name":"wp","href":"https:\/\/api.w.org\/{rel}","templated":true}]}}