{"id":229,"date":"2021-06-16T17:33:54","date_gmt":"2021-06-16T17:33:54","guid":{"rendered":"https:\/\/effedore.com\/?page_id=229"},"modified":"2021-06-19T18:00:41","modified_gmt":"2021-06-19T18:00:41","slug":"gestione-risorse-umane-formalia","status":"publish","type":"page","link":"https:\/\/effedore.com\/?page_id=229","title":{"rendered":"gestione risorse umane formalia"},"content":{"rendered":"<figure id=\"attachment_232\" aria-describedby=\"caption-attachment-232\" style=\"width: 211px\" class=\"wp-caption aligncenter\"><a href=\"https:\/\/effedore.com\/wp-content\/uploads\/2021\/06\/Gestione-Risorse-Umane-Accademia-Formalia.jpg\"><img fetchpriority=\"high\" decoding=\"async\" class=\"wp-image-232 size-medium\" src=\"https:\/\/effedore.com\/wp-content\/uploads\/2021\/06\/Gestione-Risorse-Umane-Accademia-Formalia-211x300.jpg\" alt=\"\" width=\"211\" height=\"300\" srcset=\"https:\/\/effedore.com\/wp-content\/uploads\/2021\/06\/Gestione-Risorse-Umane-Accademia-Formalia-211x300.jpg 211w, https:\/\/effedore.com\/wp-content\/uploads\/2021\/06\/Gestione-Risorse-Umane-Accademia-Formalia-721x1024.jpg 721w, https:\/\/effedore.com\/wp-content\/uploads\/2021\/06\/Gestione-Risorse-Umane-Accademia-Formalia-768x1091.jpg 768w, https:\/\/effedore.com\/wp-content\/uploads\/2021\/06\/Gestione-Risorse-Umane-Accademia-Formalia-1081x1536.jpg 1081w, https:\/\/effedore.com\/wp-content\/uploads\/2021\/06\/Gestione-Risorse-Umane-Accademia-Formalia-1442x2048.jpg 1442w, https:\/\/effedore.com\/wp-content\/uploads\/2021\/06\/Gestione-Risorse-Umane-Accademia-Formalia-106x150.jpg 106w, https:\/\/effedore.com\/wp-content\/uploads\/2021\/06\/Gestione-Risorse-Umane-Accademia-Formalia.jpg 1645w\" sizes=\"(max-width: 211px) 100vw, 211px\" \/><\/a><figcaption id=\"caption-attachment-232\" class=\"wp-caption-text\">click above to enlarge<\/figcaption><\/figure>\n<p>&nbsp;<\/p>\n<p><strong>GESTIONE RISORSE UMANE &#8211; ITA<\/strong><\/p>\n<p>Programma di studio costituito da 10 ore<\/p>\n<ul>\n<li>Lo sfondo teorico: la gestione delle Risorse umane come investimento sul capitale umano, cenni sul mercato del lavoro<\/li>\n<li>Cosa sono le risorse umane \u2013 gestire il personale<\/li>\n<li>La configurazione dell\u2019ufficio delle risorse umane<\/li>\n<li>Il reclutamento<\/li>\n<li>La selezione<\/li>\n<li>L\u2019inserimento: contratto psicologico e contratto giuridico<\/li>\n<li>Fine di un rapporto di lavoro: il licenziamento<\/li>\n<li>La formazione del personale<\/li>\n<li>La valutazione del personale<\/li>\n<li>La retribuzione<\/li>\n<li>La gestione delle risorse umane nell\u2019era digitale<\/li>\n<li>Prevenzione dei rischi sul lavoro, tutele e promozione della salute<\/li>\n<li>Il malessere delle risorse umane<\/li>\n<li>Il conflitto organizzativo<\/li>\n<\/ul>\n<p>&nbsp;<\/p>\n<p><strong>HUMAN RESOURCES MANAGEMENT &#8211; DEU<\/strong><\/p>\n<p>Studienprogramm bestehend aus 10 Stunden<\/p>\n<p>&nbsp;<\/p>\n<ul>\n<li>Theoretischer Hintergrund: Personalmanagement als Investition in Humankapital, Hinweise zum Arbeitsmarkt<\/li>\n<li>Was sind Human Resources &#8211; Personalf\u00fchrung<\/li>\n<li>Die Konfiguration des Personalb\u00fcros<\/li>\n<li>Die Rekrutierung<\/li>\n<li>Die Auswahl<\/li>\n<li>Die Einf\u00fcgung: Psychologischer Vertrag und Rechtsvertrag<\/li>\n<li>Beendigung des Arbeitsverh\u00e4ltnisses: K\u00fcndigung<\/li>\n<li>Schulung der Mitarbeiter<\/li>\n<li>Mitarbeiterbewertung<\/li>\n<li>Das Gehalt<\/li>\n<li>Personalmanagement im digitalen Zeitalter<\/li>\n<li>Pr\u00e4vention von Berufsrisiken, Schutz und Gesundheitsf\u00f6rderung<\/li>\n<li>Die Malaise der Humanressourcen<\/li>\n<li>Der Organisationskonflikt<\/li>\n<\/ul>\n<p>&nbsp;<\/p>\n<p>&nbsp;<\/p>\n<p><strong>HUMAN RESOURCES MANAGEMENT \u2013 ENG<\/strong><\/p>\n<p><strong>\u00a0<\/strong><\/p>\n<p>Study program consisting of 10 hours<\/p>\n<p>&nbsp;<\/p>\n<ul>\n<li>The theoretical background: the management of human resources as an investment in human capital, notes on the labor market<\/li>\n<li>What are human resources &#8211; managing personnel<\/li>\n<li>The configuration of the human resources office<\/li>\n<li>The recruitment<\/li>\n<li>The selection<\/li>\n<li>The insertion: psychological contract and legal contract<\/li>\n<li>End of an employment relationship: dismissal<\/li>\n<li>Staff training<\/li>\n<li>Staff evaluation<\/li>\n<li>The salary<\/li>\n<li>Human resource management in the digital age<\/li>\n<li>Prevention of occupational risks, protection and health promotion<\/li>\n<li>The malaise of human resources<\/li>\n<li>The organizational conflict<\/li>\n<\/ul>\n<p>&nbsp;<\/p>\n<p><strong>MANAGEMENT DES RESSOURCES HUMAINES \u2013 FRA<\/strong><\/p>\n<p><strong>\u00a0<\/strong><\/p>\n<p>Programme d&#8217;\u00e9tudes compos\u00e9 de 10 heures<\/p>\n<p>&nbsp;<\/p>\n<ul>\n<li>Le contexte th\u00e9orique : la gestion des ressources humaines comme investissement en capital humain, indices sur le march\u00e9 du travail<\/li>\n<li>Que sont les ressources humaines &#8211; g\u00e9rer le personnel<\/li>\n<li>La configuration du bureau des ressources humaines<\/li>\n<li>Le recrutement<\/li>\n<li>La s\u00e9lection<\/li>\n<li>L&#8217;insertion : contrat psychologique et contrat juridique<\/li>\n<li>Fin d&#8217;une relation de travail : licenciement<\/li>\n<li>La formation du personnel<\/li>\n<li>\u00c9valuation du personnel<\/li>\n<li>Le salaire<\/li>\n<li>Gestion des ressources humaines \u00e0 l&#8217;\u00e8re num\u00e9rique<\/li>\n<li>Pr\u00e9vention des risques professionnels, protection et promotion de la sant\u00e9<\/li>\n<li>Le malaise des ressources humaines<\/li>\n<li>Le conflit organisationnel<\/li>\n<\/ul>\n","protected":false},"excerpt":{"rendered":"<p>&nbsp; GESTIONE RISORSE UMANE &#8211; ITA Programma di studio costituito da 10 ore Lo sfondo teorico: la gestione delle Risorse umane come investimento sul capitale umano, cenni sul mercato del lavoro Cosa sono le risorse umane \u2013 gestire il personale La configurazione dell\u2019ufficio delle risorse umane Il reclutamento La selezione L\u2019inserimento: contratto psicologico e contratto [&hellip;]<\/p>\n","protected":false},"author":1,"featured_media":0,"parent":0,"menu_order":0,"comment_status":"closed","ping_status":"closed","template":"","meta":{"footnotes":""},"class_list":["post-229","page","type-page","status-publish","hentry"],"_links":{"self":[{"href":"https:\/\/effedore.com\/index.php?rest_route=\/wp\/v2\/pages\/229","targetHints":{"allow":["GET"]}}],"collection":[{"href":"https:\/\/effedore.com\/index.php?rest_route=\/wp\/v2\/pages"}],"about":[{"href":"https:\/\/effedore.com\/index.php?rest_route=\/wp\/v2\/types\/page"}],"author":[{"embeddable":true,"href":"https:\/\/effedore.com\/index.php?rest_route=\/wp\/v2\/users\/1"}],"replies":[{"embeddable":true,"href":"https:\/\/effedore.com\/index.php?rest_route=%2Fwp%2Fv2%2Fcomments&post=229"}],"version-history":[{"count":6,"href":"https:\/\/effedore.com\/index.php?rest_route=\/wp\/v2\/pages\/229\/revisions"}],"predecessor-version":[{"id":629,"href":"https:\/\/effedore.com\/index.php?rest_route=\/wp\/v2\/pages\/229\/revisions\/629"}],"wp:attachment":[{"href":"https:\/\/effedore.com\/index.php?rest_route=%2Fwp%2Fv2%2Fmedia&parent=229"}],"curies":[{"name":"wp","href":"https:\/\/api.w.org\/{rel}","templated":true}]}}