{"id":2375,"date":"2024-10-17T17:58:53","date_gmt":"2024-10-17T17:58:53","guid":{"rendered":"https:\/\/effedore.com\/?page_id=2375"},"modified":"2024-10-17T18:14:08","modified_gmt":"2024-10-17T18:14:08","slug":"tecniche-di-mediazione-e-risoluzione-dei-conflitti","status":"publish","type":"page","link":"https:\/\/effedore.com\/?page_id=2375","title":{"rendered":"professional courses tecniche di mediazione e risoluzione dei conflitti"},"content":{"rendered":"<p><a href=\"https:\/\/effedore.com\/wp-content\/uploads\/2024\/10\/TECNICHE-DI-MEDIAZIONE-E-RISOLUZIONE-DEI-CONFLITTI-ATTESTATO.pdf\"><img fetchpriority=\"high\" decoding=\"async\" class=\"aligncenter wp-image-2374 size-medium\" src=\"https:\/\/effedore.com\/wp-content\/uploads\/2024\/10\/TECNICHE-DI-MEDIAZIONE-E-RISOLUZIONE-DEI-CONFLITTI-LITTLE-300x213.png\" alt=\"\" width=\"300\" height=\"213\" srcset=\"https:\/\/effedore.com\/wp-content\/uploads\/2024\/10\/TECNICHE-DI-MEDIAZIONE-E-RISOLUZIONE-DEI-CONFLITTI-LITTLE-300x213.png 300w, https:\/\/effedore.com\/wp-content\/uploads\/2024\/10\/TECNICHE-DI-MEDIAZIONE-E-RISOLUZIONE-DEI-CONFLITTI-LITTLE.png 613w\" sizes=\"(max-width: 300px) 100vw, 300px\" \/><\/a><\/p>\n<p><span style=\"font-size: 14pt;\"><strong><span style=\"color: #008000;\">ITA<\/span><\/strong><\/span><\/p>\n<p>&nbsp;<\/p>\n<p><strong>Docente:<\/strong> Massimiliano Ferrari &#8211; Commercialista e mediatore abilitato presso le camere di commercio di Lecco, Sondrio e Como<\/p>\n<p>&nbsp;<\/p>\n<p><strong>Programma del Corso<\/strong><\/p>\n<p><strong>MODULO 1<\/strong><\/p>\n<ul>\n<li>La mediazione;<\/li>\n<li>Gli organismi di mediazione;<\/li>\n<li>La mediazione civile;<\/li>\n<li>Perch\u00e9 la mediazione civile: vantaggi e benefici in genere;<\/li>\n<li>La mediazione tributaria;<\/li>\n<li>Possibili esiti del procedimento di mediazione;<\/li>\n<li>Le sue mediazioni a confronto;<\/li>\n<li>Il mediatore;<\/li>\n<li>Tecniche di negoziazione e di mediazione;<\/li>\n<li>Ascolto attivo;<\/li>\n<li>Comunicazione;<\/li>\n<li>La comunicazione non violenta;<\/li>\n<\/ul>\n<hr \/>\n<p><strong>MODULO 2<\/strong><\/p>\n<ul>\n<li>Il consulente in A.D.R. (Alternative Dispute Resolution);<\/li>\n<li>Il metodo ADR e la gestione del conflitto;<\/li>\n<li>Le pietre di guado<\/li>\n<li>Il mediatore aziendale<\/li>\n<li>I colori nel business<\/li>\n<li>Medianos<\/li>\n<\/ul>\n<p>&nbsp;<\/p>\n<p>&nbsp;<\/p>\n<hr \/>\n<p><span style=\"font-size: 14pt; color: #ff6600;\"><strong>DEU<\/strong><\/span><\/p>\n<p><strong>Dozent:<\/strong>\u00a0Massimiliano Ferrari &#8211; Steuerberater und Mediator, zugelassen bei den Handelskammern von Lecco, Sondrio und Como<\/p>\n<p><strong>Kursprogramm<\/strong><\/p>\n<p><strong>MODUL 1<\/strong><\/p>\n<ul>\n<li>Die Mediation;<\/li>\n<li>Mediationsorganisationen;<\/li>\n<li>Zivilmediation;<\/li>\n<li>Warum Zivilmediation: allgemeine Vorteile und Nutzen;<\/li>\n<li>Steuerliche Mediation;<\/li>\n<li>M\u00f6gliche Ergebnisse des Mediationsverfahrens;<\/li>\n<li>Vergleich seiner Mediationen;<\/li>\n<li>Der Mediator;<\/li>\n<li>Verhandlungs- und Mediationstechniken;<\/li>\n<li>Aktives Zuh\u00f6ren;<\/li>\n<li>Kommunikation;<\/li>\n<li>Gewaltfreie Kommunikation;<\/li>\n<\/ul>\n<p><strong>MODUL 2<\/strong><\/p>\n<ul>\n<li>Der Berater in A.D.R. (Alternative Dispute Resolution);<\/li>\n<li>Die ADR-Methode und das Konfliktmanagement;<\/li>\n<li>Die Trittsteine;<\/li>\n<li>Der Unternehmensmediator;<\/li>\n<li>Farben im Gesch\u00e4ft;<\/li>\n<li>Medianos<\/li>\n<\/ul>\n<p>&nbsp;<\/p>\n<hr \/>\n<p><span style=\"font-size: 14pt; color: #ff0000;\"><strong>ENG<\/strong><\/span><\/p>\n<p><strong>Instructor:<\/strong>\u00a0Massimiliano Ferrari &#8211; Accountant and mediator accredited by the Chambers of Commerce of Lecco, Sondrio, and Como<\/p>\n<p><strong>Course Program<\/strong><\/p>\n<p><strong>MODULE 1<\/strong><\/p>\n<ul>\n<li>Mediation;<\/li>\n<li>Mediation organizations;<\/li>\n<li>Civil mediation;<\/li>\n<li>Why civil mediation: general advantages and benefits;<\/li>\n<li>Tax mediation;<\/li>\n<li>Possible outcomes of the mediation process;<\/li>\n<li>Comparison of different mediations;<\/li>\n<li>The mediator;<\/li>\n<li>Negotiation and mediation techniques;<\/li>\n<li>Active listening;<\/li>\n<li>Communication;<\/li>\n<li>Non-violent communication;<\/li>\n<\/ul>\n<p><strong>MODULE 2<\/strong><\/p>\n<ul>\n<li>The ADR (Alternative Dispute Resolution) consultant;<\/li>\n<li>The ADR method and conflict management;<\/li>\n<li>Stepping stones;<\/li>\n<li>The business mediator;<\/li>\n<li>Colors in business;<\/li>\n<li>Medianos<\/li>\n<\/ul>\n<p>&nbsp;<\/p>\n<hr \/>\n<p><span style=\"font-size: 14pt; color: #0000ff;\"><strong>FRA<\/strong><\/span><\/p>\n<p><strong>Enseignant :<\/strong>\u00a0Massimiliano Ferrari &#8211; Expert-comptable et m\u00e9diateur accr\u00e9dit\u00e9 aupr\u00e8s des chambres de commerce de Lecco, Sondrio et Como<\/p>\n<p><strong>Programme du cours<\/strong><\/p>\n<p><strong>MODULE 1<\/strong><\/p>\n<ul>\n<li>La m\u00e9diation ;<\/li>\n<li>Les organismes de m\u00e9diation ;<\/li>\n<li>La m\u00e9diation civile ;<\/li>\n<li>Pourquoi la m\u00e9diation civile : avantages et b\u00e9n\u00e9fices en g\u00e9n\u00e9ral ;<\/li>\n<li>La m\u00e9diation fiscale ;<\/li>\n<li>Les r\u00e9sultats possibles de la proc\u00e9dure de m\u00e9diation ;<\/li>\n<li>Comparaison de ses m\u00e9diations ;<\/li>\n<li>Le m\u00e9diateur ;<\/li>\n<li>Techniques de n\u00e9gociation et de m\u00e9diation ;<\/li>\n<li>\u00c9coute active ;<\/li>\n<li>Communication ;<\/li>\n<li>Communication non violente ;<\/li>\n<\/ul>\n<p><strong>MODULE 2<\/strong><\/p>\n<ul>\n<li>Le consultant en A.D.R. (Alternative Dispute Resolution) ;<\/li>\n<li>La m\u00e9thode ADR et la gestion des conflits ;<\/li>\n<li>Les pierres de gu\u00e9 ;<\/li>\n<li>Le m\u00e9diateur d\u2019entreprise ;<\/li>\n<li>Les couleurs dans les affaires ;<\/li>\n<li>Medianos<\/li>\n<\/ul>\n<p>&nbsp;<\/p>\n","protected":false},"excerpt":{"rendered":"<p>ITA &nbsp; Docente: Massimiliano Ferrari &#8211; Commercialista e mediatore abilitato presso le camere di commercio di Lecco, Sondrio e Como &nbsp; Programma del Corso MODULO 1 La mediazione; Gli organismi di mediazione; La mediazione civile; Perch\u00e9 la mediazione civile: vantaggi e benefici in genere; La mediazione tributaria; Possibili esiti del procedimento di mediazione; Le sue [&hellip;]<\/p>\n","protected":false},"author":1,"featured_media":0,"parent":0,"menu_order":0,"comment_status":"closed","ping_status":"closed","template":"","meta":{"footnotes":""},"class_list":["post-2375","page","type-page","status-publish","hentry"],"_links":{"self":[{"href":"https:\/\/effedore.com\/index.php?rest_route=\/wp\/v2\/pages\/2375","targetHints":{"allow":["GET"]}}],"collection":[{"href":"https:\/\/effedore.com\/index.php?rest_route=\/wp\/v2\/pages"}],"about":[{"href":"https:\/\/effedore.com\/index.php?rest_route=\/wp\/v2\/types\/page"}],"author":[{"embeddable":true,"href":"https:\/\/effedore.com\/index.php?rest_route=\/wp\/v2\/users\/1"}],"replies":[{"embeddable":true,"href":"https:\/\/effedore.com\/index.php?rest_route=%2Fwp%2Fv2%2Fcomments&post=2375"}],"version-history":[{"count":6,"href":"https:\/\/effedore.com\/index.php?rest_route=\/wp\/v2\/pages\/2375\/revisions"}],"predecessor-version":[{"id":2381,"href":"https:\/\/effedore.com\/index.php?rest_route=\/wp\/v2\/pages\/2375\/revisions\/2381"}],"wp:attachment":[{"href":"https:\/\/effedore.com\/index.php?rest_route=%2Fwp%2Fv2%2Fmedia&parent=2375"}],"curies":[{"name":"wp","href":"https:\/\/api.w.org\/{rel}","templated":true}]}}