{"id":546,"date":"2021-06-19T10:48:57","date_gmt":"2021-06-19T10:48:57","guid":{"rendered":"https:\/\/effedore.com\/?page_id=546"},"modified":"2021-06-19T18:07:53","modified_gmt":"2021-06-19T18:07:53","slug":"icdl-office-professional","status":"publish","type":"page","link":"https:\/\/effedore.com\/?page_id=546","title":{"rendered":"icdl office expert ad"},"content":{"rendered":"<figure id=\"attachment_549\" aria-describedby=\"caption-attachment-549\" style=\"width: 300px\" class=\"wp-caption aligncenter\"><a href=\"https:\/\/effedore.com\/wp-content\/uploads\/2021\/06\/ICDL-OFFICE-EXPERT.pdf\"><img fetchpriority=\"high\" decoding=\"async\" class=\"wp-image-549 size-medium\" src=\"https:\/\/effedore.com\/wp-content\/uploads\/2021\/06\/icdl-office-expert-little-300x213.jpg\" alt=\"\" width=\"300\" height=\"213\" srcset=\"https:\/\/effedore.com\/wp-content\/uploads\/2021\/06\/icdl-office-expert-little-300x213.jpg 300w, https:\/\/effedore.com\/wp-content\/uploads\/2021\/06\/icdl-office-expert-little.jpg 645w\" sizes=\"(max-width: 300px) 100vw, 300px\" \/><\/a><figcaption id=\"caption-attachment-549\" class=\"wp-caption-text\">click above to enlarge<\/figcaption><\/figure>\n<p><span style=\"color: #008000;\">ICDL Expert (ex ECDL Expert)<\/span><\/p>\n<p><span style=\"color: #008000;\">Descrizione<\/span><br \/>\n<span style=\"color: #008000;\">L&#8217;ICDL Expert rappresenta l&#8217;evoluzione della ex ECDL Expert. E&#8217; la certificazione per l&#8217;utente evoluto del personal computer, che attesta la conoscenza approfondita di uno o pi\u00f9 moduli dell&#8217;ICDL di base<\/span><\/p>\n<p><strong>ICDL OFFICE EXPERT &#8211; ITA<\/strong><\/p>\n<p>programma di studio costituito da 25 ore \u2013 VOTO 89\/100<\/p>\n<p>&nbsp;<\/p>\n<ul>\n<li>Advanced Database: Concetti base, Tabelle e relazioni, Query, Maschere, Report, Aumentare la produttivit\u00e0;<\/li>\n<li>Advanced Presentation: Pianificazione, Schema diapositive e modelli, Oggetti grafici, Grafici e diagrammi, Multimedialit\u00e0, Aumentare la produttivit\u00e0, Organizzazione della presentazione;<\/li>\n<li>Advanced Word processing: Formattazione, Riferimenti, Aumentare la produttivit\u00e0, Redazione collaborativa, Preparazione stampa;<\/li>\n<li>Advanced Spreadsheet: Formattazione, Formule e funzioni, Grafici, Analisi, Validazione e revisione, Aumentare la produttivit\u00e0, Redazione collaborativa.<\/li>\n<\/ul>\n<p><span style=\"color: #008000;\">ICDL-Experte (ehemals ECDL-Experte)<\/span><\/p>\n<p><span style=\"color: #008000;\">Beschreibung<\/span><br \/>\n<span style=\"color: #008000;\">Der ICDL-Experte ist die Weiterentwicklung des ehemaligen ECDL-Experten. Es ist die Zertifizierung f\u00fcr den fortgeschrittenen Benutzer des Personal Computers, die die fundierten Kenntnisse eines oder mehrerer grundlegender ICDL-Module bescheinigt<\/span><\/p>\n<p>&nbsp;<\/p>\n<p><strong>ICDL-OFFICE-EXPERTE &#8211; DEU<\/strong><\/p>\n<p>Studienprogramm bestehend aus 25 Stunden &#8211; Note 89\/100<\/p>\n<p>&nbsp;<\/p>\n<ul>\n<li>Erweiterte Datenbank: Grundkonzepte, Tabellen und Beziehungen, Abfragen, Formulare, Berichte, Produktivit\u00e4tssteigerung;<\/li>\n<li>Erweiterte Pr\u00e4sentation: Planung, Meister der Folien und Vorlagen, Grafische Objekte, Grafiken und Diagramme, Multimedia, Produktivit\u00e4tssteigerung, Organisation der Pr\u00e4sentation;<\/li>\n<li>Erweiterte Textverarbeitung: Formatierung, Referenzen, Produktivit\u00e4tssteigerung, gemeinsame Bearbeitung, Druckvorbereitung;<\/li>\n<li>Erweiterte Tabellenkalkulation: Formatierung, Formeln und Funktionen, Grafiken, Analyse, Validierung und \u00dcberpr\u00fcfung, Produktivit\u00e4tssteigerung, kollaborative Bearbeitung.<\/li>\n<\/ul>\n<p>&nbsp;<\/p>\n<p><span style=\"color: #008000;\">ICDL Expert (formerly ECDL Expert)<\/span><\/p>\n<p><span style=\"color: #008000;\">Description<\/span><br \/>\n<span style=\"color: #008000;\">The ICDL Expert represents the evolution of the former ECDL Expert. It is the certification for the advanced user of the personal computer, which certifies the in-depth knowledge of one or more basic ICDL modules<\/span><\/p>\n<p><span style=\"color: #008000;\">Expert ICDL (anciennement Expert ECDL)<\/span><\/p>\n<p>&nbsp;<\/p>\n<p><strong>ICDL OFFICE EXPERT &#8211; ENG<\/strong><\/p>\n<p>study program consisting of 25 hours &#8211; grade 89\/100<\/p>\n<p>&nbsp;<\/p>\n<ul>\n<li>Advanced Database: Basic concepts, Tables and relationships, Queries, Forms, Reports, Increase productivity;<\/li>\n<li>Advanced Presentation: Planning, Master of slides and templates, Graphic objects, Graphs and diagrams, Multimedia, Increase productivity, Organization of the presentation;<\/li>\n<li>Advanced Word processing: Formatting, References, Increase Productivity, Collaborative Editing, Print Preparation;<\/li>\n<li>Advanced Spreadsheet: Formatting, Formulas and Functions, Graphs, Analysis, Validation and Review, Increase Productivity, Collaborative Editing.<\/li>\n<\/ul>\n<p>&nbsp;<\/p>\n<p><span style=\"color: #008000;\">Description<\/span><br \/>\n<span style=\"color: #008000;\">L&#8217;expert ICDL repr\u00e9sente l&#8217;\u00e9volution de l&#8217;ancien expert ECDL. C&#8217;est la certification pour l&#8217;utilisateur avanc\u00e9 de l&#8217;ordinateur personnel, qui certifie la connaissance approfondie d&#8217;un ou plusieurs modules ICDL de base<\/span><\/p>\n<p><strong>ICDL OFFICE EXPERT \u00a0\u2013 FRA<\/strong><\/p>\n<p>&nbsp;<\/p>\n<p>programme d&#8217;\u00e9tudes compos\u00e9 de 25 heures &#8211; note 89\/100<\/p>\n<p>&nbsp;<\/p>\n<ul>\n<li>Base de donn\u00e9es avanc\u00e9e\u00a0: concepts de base, tableaux et relations, requ\u00eates, formulaires, rapports, augmentation de la productivit\u00e9\u00a0;<\/li>\n<li>Pr\u00e9sentation avanc\u00e9e : Planning, Ma\u00eetrise des diapositives et mod\u00e8les, Objets graphiques, Graphiques et diagrammes, Multim\u00e9dia, Augmentation de la productivit\u00e9, Organisation de la pr\u00e9sentation ;<\/li>\n<li>Traitement de texte avanc\u00e9\u00a0: formatage, r\u00e9f\u00e9rences, augmentation de la productivit\u00e9, \u00e9dition collaborative, pr\u00e9paration de l&#8217;impression\u00a0;<\/li>\n<li>Feuille de calcul avanc\u00e9e\u00a0: formatage, formules et fonctions, graphiques, analyse, validation et r\u00e9vision, augmentation de la productivit\u00e9, \u00e9dition collaborative.<\/li>\n<\/ul>\n<p>&nbsp;<\/p>\n<p>&nbsp;<\/p>\n<p>&nbsp;<\/p>\n<p>&nbsp;<\/p>\n<p>&nbsp;<\/p>\n","protected":false},"excerpt":{"rendered":"<p>ICDL Expert (ex ECDL Expert) Descrizione L&#8217;ICDL Expert rappresenta l&#8217;evoluzione della ex ECDL Expert. E&#8217; la certificazione per l&#8217;utente evoluto del personal computer, che attesta la conoscenza approfondita di uno o pi\u00f9 moduli dell&#8217;ICDL di base ICDL OFFICE EXPERT &#8211; ITA programma di studio costituito da 25 ore \u2013 VOTO 89\/100 &nbsp; Advanced Database: Concetti<\/p>\n<div class=\"more-link\">\n             <a href=\"https:\/\/effedore.com\/?page_id=546\" class=\"read-more\">Read More<i class=\"fa fa-caret-right\"><\/i><\/a>\n        <\/div>\n","protected":false},"author":1,"featured_media":0,"parent":0,"menu_order":0,"comment_status":"closed","ping_status":"closed","template":"","meta":{"footnotes":""},"class_list":["post-546","page","type-page","status-publish","hentry"],"_links":{"self":[{"href":"https:\/\/effedore.com\/index.php?rest_route=\/wp\/v2\/pages\/546","targetHints":{"allow":["GET"]}}],"collection":[{"href":"https:\/\/effedore.com\/index.php?rest_route=\/wp\/v2\/pages"}],"about":[{"href":"https:\/\/effedore.com\/index.php?rest_route=\/wp\/v2\/types\/page"}],"author":[{"embeddable":true,"href":"https:\/\/effedore.com\/index.php?rest_route=\/wp\/v2\/users\/1"}],"replies":[{"embeddable":true,"href":"https:\/\/effedore.com\/index.php?rest_route=%2Fwp%2Fv2%2Fcomments&post=546"}],"version-history":[{"count":6,"href":"https:\/\/effedore.com\/index.php?rest_route=\/wp\/v2\/pages\/546\/revisions"}],"predecessor-version":[{"id":640,"href":"https:\/\/effedore.com\/index.php?rest_route=\/wp\/v2\/pages\/546\/revisions\/640"}],"wp:attachment":[{"href":"https:\/\/effedore.com\/index.php?rest_route=%2Fwp%2Fv2%2Fmedia&parent=546"}],"curies":[{"name":"wp","href":"https:\/\/api.w.org\/{rel}","templated":true}]}}