{"id":707,"date":"2021-06-23T21:00:52","date_gmt":"2021-06-23T21:00:52","guid":{"rendered":"https:\/\/effedore.com\/?page_id=707"},"modified":"2021-06-23T21:15:47","modified_gmt":"2021-06-23T21:15:47","slug":"relazioni-interpersonali-ad","status":"publish","type":"page","link":"https:\/\/effedore.com\/?page_id=707","title":{"rendered":"relazioni interpersonali ad"},"content":{"rendered":"<p><a href=\"https:\/\/effedore.com\/wp-content\/uploads\/2021\/06\/diploma-relazioni-interpersonali.pdf\"><img fetchpriority=\"high\" decoding=\"async\" class=\"aligncenter wp-image-708 size-medium\" src=\"https:\/\/effedore.com\/wp-content\/uploads\/2021\/06\/diploma-relazioni-interpersonali-little-300x215.jpg\" alt=\"\" width=\"300\" height=\"215\" data-wp-editing=\"1\" srcset=\"https:\/\/effedore.com\/wp-content\/uploads\/2021\/06\/diploma-relazioni-interpersonali-little-300x215.jpg 300w, https:\/\/effedore.com\/wp-content\/uploads\/2021\/06\/diploma-relazioni-interpersonali-little.jpg 646w\" sizes=\"(max-width: 300px) 100vw, 300px\" \/><\/a><\/p>\n<p>&nbsp;<\/p>\n<p><strong>RELAZIONI INTERPERSONALI &#8211; ITA<\/strong><\/p>\n<p>&nbsp;<\/p>\n<p>Programma di studio costituito da 55 ore \u2013 voto 90\/100<\/p>\n<p>&nbsp;<\/p>\n<ul>\n<li>I modelli di comunicazione tra persone, Il pensiero e la mente,<\/li>\n<li>La comunicazione non verbale,<\/li>\n<li>L&#8217;interpretazione di atteggiamenti, comportamenti e opinioni,<\/li>\n<li>Gestire i rapporti interpersonali,<\/li>\n<li>Gestire il rapporto con noi stessi,<\/li>\n<li>Gestire l&#8217;ansia nei rapporti con gli altri,<\/li>\n<li>Come migliorare la relazione con se stessi e con gli altri,<\/li>\n<li>Gestire i conflitti,<\/li>\n<li>Comprendere e gestire diverse tipologie relazionali.<\/li>\n<\/ul>\n<p>&nbsp;<\/p>\n<p>&nbsp;<\/p>\n<p><strong>ZWISCHENMENSCHLICHE BEZIEHUNGEN &#8211; DEU<\/strong><\/p>\n<p>&nbsp;<\/p>\n<p>Studienprogramm bestehend aus 55 Stunden &#8211; Note 90\/100<\/p>\n<p>&nbsp;<\/p>\n<ul>\n<li>Die Kommunikationsmuster zwischen Menschen, Gedanken und Geist,<\/li>\n<li>Nonverbale Kommunikation,<\/li>\n<li>Die Interpretation von Einstellungen, Verhaltensweisen und Meinungen,<\/li>\n<li>Verwalten Sie zwischenmenschliche Beziehungen,<\/li>\n<li>Verwalten Sie die Beziehung zu uns selbst,<\/li>\n<li>Angst in Beziehungen mit anderen bew\u00e4ltigen,<\/li>\n<li>Wie man die Beziehung zu sich selbst und zu anderen verbessert,<\/li>\n<li>Konflikte managen,<\/li>\n<li>Verstehen und verwalten Sie verschiedene Arten von Beziehungen.<\/li>\n<\/ul>\n<p>&nbsp;<\/p>\n<p>&nbsp;<\/p>\n<p><strong>INTERPERSONAL RELATIONSHIPS &#8211; ENG<\/strong><\/p>\n<p>&nbsp;<\/p>\n<p>Study program consisting of 55 hours &#8211; grade 90\/100<\/p>\n<p>&nbsp;<\/p>\n<ul>\n<li>The patterns of communication between people, thought and mind,<\/li>\n<li>Non-verbal communication,<\/li>\n<li>The interpretation of attitudes, behaviors and opinions,<\/li>\n<li>Manage interpersonal relationships,<\/li>\n<li>Manage the relationship with ourselves,<\/li>\n<li>Manage anxiety in relationships with others,<\/li>\n<li>How to improve the relationship with oneself and with others,<\/li>\n<li>Manage conflicts,<\/li>\n<li>Understand and manage different types of relationships.<\/li>\n<\/ul>\n<p>&nbsp;<\/p>\n<p><strong>LES RELATIONS INTERPERSONNELLES &#8211; FRA<\/strong><\/p>\n<p>&nbsp;<\/p>\n<p>Programme d&#8217;\u00e9tudes compos\u00e9 de 55 heures &#8211; note 90\/100<\/p>\n<p>&nbsp;<\/p>\n<ul>\n<li>Les mod\u00e8les de communication entre les gens, la pens\u00e9e et l&#8217;esprit,<\/li>\n<li>La communication non verbale,<\/li>\n<li>L&#8217;interpr\u00e9tation des attitudes, comportements et opinions,<\/li>\n<li>G\u00e9rer les relations interpersonnelles,<\/li>\n<li>G\u00e9rer la relation avec nous-m\u00eames,<\/li>\n<li>G\u00e9rer l&#8217;anxi\u00e9t\u00e9 dans les relations avec les autres,<\/li>\n<li>Comment am\u00e9liorer la relation avec soi et avec les autres,<\/li>\n<li>G\u00e9rer les conflits,<\/li>\n<li>Comprendre et g\u00e9rer diff\u00e9rents types de relations.<\/li>\n<\/ul>\n<p>&nbsp;<\/p>\n<p>&nbsp;<\/p>\n","protected":false},"excerpt":{"rendered":"<p>&nbsp; RELAZIONI INTERPERSONALI &#8211; ITA &nbsp; Programma di studio costituito da 55 ore \u2013 voto 90\/100 &nbsp; I modelli di comunicazione tra persone, Il pensiero e la mente, La comunicazione non verbale, L&#8217;interpretazione di atteggiamenti, comportamenti e opinioni, Gestire i rapporti interpersonali, Gestire il rapporto con noi stessi, Gestire l&#8217;ansia nei rapporti con gli altri, [&hellip;]<\/p>\n","protected":false},"author":1,"featured_media":0,"parent":0,"menu_order":0,"comment_status":"closed","ping_status":"closed","template":"","meta":{"footnotes":""},"class_list":["post-707","page","type-page","status-publish","hentry"],"_links":{"self":[{"href":"https:\/\/effedore.com\/index.php?rest_route=\/wp\/v2\/pages\/707","targetHints":{"allow":["GET"]}}],"collection":[{"href":"https:\/\/effedore.com\/index.php?rest_route=\/wp\/v2\/pages"}],"about":[{"href":"https:\/\/effedore.com\/index.php?rest_route=\/wp\/v2\/types\/page"}],"author":[{"embeddable":true,"href":"https:\/\/effedore.com\/index.php?rest_route=\/wp\/v2\/users\/1"}],"replies":[{"embeddable":true,"href":"https:\/\/effedore.com\/index.php?rest_route=%2Fwp%2Fv2%2Fcomments&post=707"}],"version-history":[{"count":3,"href":"https:\/\/effedore.com\/index.php?rest_route=\/wp\/v2\/pages\/707\/revisions"}],"predecessor-version":[{"id":712,"href":"https:\/\/effedore.com\/index.php?rest_route=\/wp\/v2\/pages\/707\/revisions\/712"}],"wp:attachment":[{"href":"https:\/\/effedore.com\/index.php?rest_route=%2Fwp%2Fv2%2Fmedia&parent=707"}],"curies":[{"name":"wp","href":"https:\/\/api.w.org\/{rel}","templated":true}]}}